{"id":712,"date":"2020-09-10T17:26:25","date_gmt":"2020-09-10T17:26:25","guid":{"rendered":"http:\/\/www.conessent.com\/impressum\/"},"modified":"2023-03-19T08:33:13","modified_gmt":"2023-03-19T08:33:13","slug":"impressum","status":"publish","type":"page","link":"https:\/\/www.conessent.com\/de\/impressum\/","title":{"rendered":"Impressum"},"content":{"rendered":"<p>[et_pb_section fb_built=&#8220;1&#8243; _builder_version=&#8220;4.6.1&#8243; _module_preset=&#8220;default&#8220;][et_pb_row _builder_version=&#8220;4.6.1&#8243; _module_preset=&#8220;default&#8220;][et_pb_column type=&#8220;4_4&#8243; _builder_version=&#8220;4.6.1&#8243; _module_preset=&#8220;default&#8220;][et_pb_text _builder_version=&#8220;4.6.1&#8243; _module_preset=&#8220;default&#8220;]<\/p>\n<p><strong>Conessent Consulting GmbH<\/strong><br \/>Hahnsteinweg 1, D-76857<br \/> Waldrohrbach, Deutschland<br \/>Telefon:\u00a0+49 (0)6346 6980 279<br \/> Mail: info@conessent.com<br \/> Web: www.conessent.com<\/p>\n<p>Gesch\u00e4ftsf\u00fchrer: Dr. Frank Rothhaas<br \/> Amtsgericht Landau \/ Pfalz : HRB 31539<br \/> Umsatzsteuer-Identifikationsnummer: DE211215186<br \/> Inhaltlich Verantwortliche: Dr Frank Rothhaas, Dominique Nelson-Esch<br \/> Grafische Gestaltung: mondayfriday.co<\/p>\n<p><strong>Datenschutz-Bestimmungen<\/strong><\/p>\n<p>Diese Datenschutzrichtlinie ist f\u00fcr diese Website www.conessent.com und diente von Conessent Consulting GmbH und regelt die Privatsph\u00e4re seiner Nutzer , die es nutzen zu w\u00e4hlen.Die Richtlinie legt die verschiedenen Bereiche, in denen die Privatsph\u00e4re der Nutzer betroffen ist und einen \u00dcberblick \u00fcber die Verpflichtungen und Anforderungen der Nutzer , die Website und Website-Besitzer . Dar\u00fcber hinaus die Art und Weise dieser Website verarbeitet, speichert und sch\u00fctzt Anwenderdaten und Informationen werden auch in diesem Politik n\u00e4her eingegangen wird.<\/p>\n<p><strong>Die Webseite<\/strong><\/p>\n<p>Diese Website und ihre Besitzer nehmen einen proaktiven Ansatz zur Privatsph\u00e4re der Nutzer und sicherzustellen, dass die notwendigen Ma\u00dfnahmen getroffen werden , um die Privatsph\u00e4re seiner Nutzer \u00fcber ihren Besuch in Erfahrung zu sch\u00fctzen. Diese Website erf\u00fcllt die f\u00fcr alle EU- Gesetze und Vorschriften f\u00fcr die Privatsph\u00e4re der Nutzer .<\/p>\n<p><strong>Verwendung von Cookies<\/strong><\/p>\n<p>Diese Website verwendet Cookies , um die Benutzer zu verbessern Erfahrung bei einem Besuch der Website. Gegebenenfalls diese Website ein Cookie Kontrollsystem erm\u00f6glicht dem Benutzer bei ihrem ersten Besuch auf der Webseite zu erlauben oder zu verbieten die Verwendung von Cookies auf ihrem Computer \/ Ger\u00e4t. Dies entspricht den j\u00fcngsten Rechtsvorschriften Anforderungen an Websites, auf die ausdr\u00fcckliche Zustimmung von Benutzern vor hinter sich zu lassen oder das Lesen von Dateien zu erhalten, wie Cookies auf dem Computer \/ Ger\u00e4t eines Benutzers .<br \/> Cookies sind kleine Dateien auf Computer des Benutzers gespeichert Festplatte, die Spur , zu speichern und Informationen \u00fcber Interaktionen und Nutzung der Website des Benutzers. Dies erm\u00f6glicht die Website \u00fcber ihre Server , um die Benutzer mit einer ma\u00dfgeschneiderten Erfahrung auf dieser Website zur Verf\u00fcgung stellen.<br \/> Benutzern wird empfohlen, dass, wenn sie die Nutzung und Speicherung der Cookies von dieser Website auf , um ihre Computer zu verweigern m\u00f6chten Festplatte sollten notwendigen Schritte zu unternehmen in ihrem Web- Browser Sicherheitseinstellungen alle Cookies von dieser Website und seine externen Dienst -Anbieter blockieren.<br \/> Diese Website benutzt Tracking-Software , um ihre Besucher zu \u00fcberwachen, um besser zu verstehen, wie sie es verwenden. Diese Software wird von Google Analytics die Cookies verwendet , um Besucher zu verfolgen Nutzung zur Verf\u00fcgung gestellt. Die Software wird ein Cookie an Ihren Computer -Festplatte , um zu verfolgen und Ihr Engagement und Ihre Benutzung der Website zu \u00fcberwachen retten, aber nicht speichern, speichern oder pers\u00f6nliche Daten . Sie k\u00f6nnen die Google- Datenschutzbestimmungen lesen Sie hier f\u00fcr weitere Informationen [ http:\/\/www.google.com\/privacy.html ] .Werden keine pers\u00f6nlichen Daten gespeichert , gespeichert oder gesammelt.<\/p>\n<p><strong>Kontakt &amp; Kommunikation<\/strong><\/p>\n<p>Benutzer der Kontaktaufnahme mit dieser Website und \/ oder seine Besitzer , tun dies nach eigenem Ermessen und bieten solche pers\u00f6nlichen Daten erfolgt auf eigene Gefahr angefordert. Ihre pers\u00f6nlichen Daten werden vertraulich behandelt und sicher gespeichert , bis eine Zeit, die nicht mehr ben\u00f6tigt wird oder keine Verwendung hat , wie im Datenschutzgesetz von 1998 beschrieben wurde alles unternommen , um eine sichere E-Mail- Formular, um Vorlage Prozess zu gew\u00e4hrleisten, sondern beraten Benutzer Verwendung einer solchen Form von Prozessen, die sie tun dies auf eigene Gefahr an eine E-Mail . Diese Website und ihre Besitzer nutzen gestelltes Ihnen weitere Informationen \u00fcber die Produkte liefern \/ Dienstleistungen sie anbieten oder Ihnen in irgendwelche Fragen oder Anfragen, die Sie eingereicht haben, beantworten Hilfsinformation . Ihre Daten werden nicht an Dritte weitergegeben .<\/p>\n<p><strong>Haftungshinweis<\/strong><\/p>\n<p>Das Landgericht Hamburg hat mit Urteil vom 12. Mai 1998 , die man durch das Setzen eines Hyperlinks die Inhalte der gelinkten Seite unter Umst\u00e4nden zu verantworten hat . Conessent Consulting GmbH hat sich auf ihren Seiten platziert externe Links zu anderen Seiten und \u00fcberpr\u00fcft sie regelm\u00e4\u00dfig und sorgf\u00e4ltig mit der kriminellen oder b\u00f6sartige Inhalte . Wir k\u00f6nnen jedoch nicht f\u00fcr die Gestaltung und die Inhalte der externen Referenzen verantwortlich zu \u00fcbernehmen und zu betonen , dass Sie die Schl\u00fcssel f\u00fcr externe Links mit Informationen, die von Conessent Consulting GmbH versorgt zu verlassen. Diese Erkl\u00e4rung gilt f\u00fcr alle auf unseren Internetseiten , externen Links und Banner<\/p>\n<p><strong>Logos, Marken-, Produkt- und Warenzeichen<\/strong><\/p>\n<p>Alle auf dieser Website ver\u00f6ffentlichten Logos, Marken-, Produkt- und Warenzeichen sind Eigentum der jeweiligen Unternehmen. Die SAP AG ist Inhaber der Markenzeichen SAP\u00ae, R\/3\u00ae, NetWeaver\u00ae sowie aller diesen Marken zugeordneten Untermarken.<\/p>\n<p>[\/et_pb_text][\/et_pb_column][\/et_pb_row][\/et_pb_section]<\/p>\n","protected":false},"excerpt":{"rendered":"<p>[et_pb_section fb_built=&#8220;1&#8243; _builder_version=&#8220;4.6.1&#8243; _module_preset=&#8220;default&#8220;][et_pb_row _builder_version=&#8220;4.6.1&#8243; _module_preset=&#8220;default&#8220;][et_pb_column type=&#8220;4_4&#8243; _builder_version=&#8220;4.6.1&#8243; _module_preset=&#8220;default&#8220;][et_pb_text _builder_version=&#8220;4.6.1&#8243; _module_preset=&#8220;default&#8220;] Conessent Consulting GmbHHahnsteinweg 1, D-76857 Waldrohrbach, DeutschlandTelefon:\u00a0+49 (0)6346 6980 279 Mail: info@conessent.com Web: www.conessent.com Gesch\u00e4ftsf\u00fchrer: Dr. Frank Rothhaas Amtsgericht Landau \/ Pfalz : HRB 31539 Umsatzsteuer-Identifikationsnummer: DE211215186 Inhaltlich Verantwortliche: Dr Frank Rothhaas, Dominique Nelson-Esch Grafische Gestaltung: mondayfriday.co Datenschutz-Bestimmungen Diese Datenschutzrichtlinie ist f\u00fcr diese Website [&hellip;]<\/p>\n","protected":false},"author":1,"featured_media":0,"parent":0,"menu_order":0,"comment_status":"closed","ping_status":"closed","template":"","meta":{"_et_pb_use_builder":"on","_et_pb_old_content":"","_et_gb_content_width":""},"_links":{"self":[{"href":"https:\/\/www.conessent.com\/de\/wp-json\/wp\/v2\/pages\/712"}],"collection":[{"href":"https:\/\/www.conessent.com\/de\/wp-json\/wp\/v2\/pages"}],"about":[{"href":"https:\/\/www.conessent.com\/de\/wp-json\/wp\/v2\/types\/page"}],"author":[{"embeddable":true,"href":"https:\/\/www.conessent.com\/de\/wp-json\/wp\/v2\/users\/1"}],"replies":[{"embeddable":true,"href":"https:\/\/www.conessent.com\/de\/wp-json\/wp\/v2\/comments?post=712"}],"version-history":[{"count":7,"href":"https:\/\/www.conessent.com\/de\/wp-json\/wp\/v2\/pages\/712\/revisions"}],"predecessor-version":[{"id":1057,"href":"https:\/\/www.conessent.com\/de\/wp-json\/wp\/v2\/pages\/712\/revisions\/1057"}],"wp:attachment":[{"href":"https:\/\/www.conessent.com\/de\/wp-json\/wp\/v2\/media?parent=712"}],"curies":[{"name":"wp","href":"https:\/\/api.w.org\/{rel}","templated":true}]}}