{"id":708,"date":"2020-09-10T16:47:24","date_gmt":"2020-09-10T16:47:24","guid":{"rendered":"http:\/\/www.conessent.com\/partner\/"},"modified":"2020-12-11T13:06:15","modified_gmt":"2020-12-11T13:06:15","slug":"partner","status":"publish","type":"page","link":"https:\/\/www.conessent.com\/de\/partner\/","title":{"rendered":"Partner"},"content":{"rendered":"<p>[et_pb_section fb_built=&#8220;1&#8243; admin_label=&#8220;Center Aligned Text &#8220; _builder_version=&#8220;4.6.1&#8243; background_enable_color=&#8220;off&#8220; background_color_gradient_direction=&#8220;135deg&#8220; background_image=&#8220;http:\/\/www.conessent.com\/wp-content\/uploads\/2020\/09\/home-hero-2.jpg&#8220; custom_padding=&#8220;10%|0px|5%|0px&#8220; animation_direction=&#8220;bottom&#8220;][et_pb_row _builder_version=&#8220;3.25&#8243;][et_pb_column type=&#8220;4_4&#8243; _builder_version=&#8220;3.25&#8243; custom_padding=&#8220;|||&#8220; custom_padding__hover=&#8220;|||&#8220;][et_pb_text _builder_version=&#8220;4.6.1&#8243; text_font=&#8220;|300|||||||&#8220; text_text_color=&#8220;#ffffff&#8220; text_font_size=&#8220;22px&#8220; header_font=&#8220;|600|||||||&#8220; header_font_size=&#8220;50px&#8220; header_line_height=&#8220;1.3em&#8220; header_2_font=&#8220;||||||||&#8220; text_orientation=&#8220;center&#8220; background_layout=&#8220;dark&#8220; max_width=&#8220;700px&#8220; module_alignment=&#8220;center&#8220;]<\/p>\n<h1>Partner<\/h1>\n<p>Wir arbeiten eng mit Unternehmen zusammen, um deren Expertise und Softwarel\u00f6sungen mit unserem Fach- und Branchen Know-how anzureichern.[\/et_pb_text][\/et_pb_column][\/et_pb_row][\/et_pb_section][et_pb_section fb_built=&#8220;1&#8243; admin_label=&#8220;Features&#8220; _builder_version=&#8220;3.22&#8243; background_color=&#8220;#f8fbfe&#8220; custom_padding=&#8220;100px|0px|100px|0px&#8220;][et_pb_row admin_label=&#8220;Tittle&#8220; _builder_version=&#8220;3.25&#8243;][et_pb_column type=&#8220;4_4&#8243; _builder_version=&#8220;3.25&#8243; custom_padding=&#8220;|||&#8220; custom_padding__hover=&#8220;|||&#8220;][et_pb_text _builder_version=&#8220;4.6.1&#8243; text_font=&#8220;||||||||&#8220; text_font_size=&#8220;18px&#8220; text_line_height=&#8220;1.8em&#8220; header_font=&#8220;|600|||||||&#8220; header_text_align=&#8220;center&#8220; header_font_size=&#8220;40px&#8220; header_line_height=&#8220;1.1em&#8220; header_2_font=&#8220;Nunito Sans|700|||||||&#8220; header_2_text_color=&#8220;#535b7c&#8220; header_2_font_size=&#8220;35px&#8220; header_2_line_height=&#8220;1.3em&#8220; text_orientation=&#8220;center&#8220; max_width=&#8220;700px&#8220; module_alignment=&#8220;center&#8220;]<\/p>\n<h1>Das Ergebnis?<\/h1>\n<p>Innovative und passgenaue L\u00f6sungen zur optimalen Unterst\u00fctzung Ihrer individuellen Gesch\u00e4ftsanforderungen.[\/et_pb_text][\/et_pb_column][\/et_pb_row][et_pb_row column_structure=&#8220;1_3,1_3,1_3&#8243; use_custom_gutter=&#8220;on&#8220; gutter_width=&#8220;2&#8243; admin_label=&#8220;Features Row&#8220; _builder_version=&#8220;3.25&#8243; custom_padding=&#8220;0.75%||0.75%|&#8220;][et_pb_column type=&#8220;1_3&#8243; _builder_version=&#8220;3.25&#8243; background_color_gradient_direction=&#8220;243deg&#8220; custom_padding=&#8220;|||&#8220; custom_padding__hover=&#8220;|||&#8220;][et_pb_blurb title=&#8220;Unsere Partner im Bereich Fraud Management&#8220; image=&#8220;http:\/\/www.conessent.com\/wp-content\/uploads\/2020\/09\/remedyne.png&#8220; _builder_version=&#8220;4.6.1&#8243; header_font=&#8220;||||||||&#8220; header_line_height=&#8220;1.4em&#8220; body_font=&#8220;||||||||&#8220; background_color=&#8220;#ffffff&#8220; text_orientation=&#8220;center&#8220; custom_margin=&#8220;|||&#8220; custom_padding=&#8220;54px|20px|60px|20px&#8220; animation_style=&#8220;zoom&#8220; animation_intensity_zoom=&#8220;5%&#8220; border_radii=&#8220;on|4px|4px|4px|4px&#8220; border_color_all=&#8220;#183861&#8243; border_width_top=&#8220;6px&#8220; box_shadow_style=&#8220;preset3&#8243; box_shadow_color=&#8220;rgba(34,56,101,0.12)&#8220;]REMEDYNE bietet Software zum Management von Betrug und Fehlern in SAP\u00ae ERP-Systemen. Die SAP\u00ae-zertifizierte L\u00f6sung \u00fcberwacht kontinuierlich Daten und Gesch\u00e4ftsprozesse, erkennt betr\u00fcgerische oder fehlerhafte Gesch\u00e4ftsvorf\u00e4lle und unterst\u00fctzt deren effiziente Bearbeitung bzw. Korrektur. Die Partnerschaft mit Remedyne ist auf die stetige Weiterentwicklung der L\u00f6sung und die kontinuierliche Verbesserung der Prozessqualit\u00e4t bei SAP\u00ae-Kunden gerichtet.[\/et_pb_blurb][\/et_pb_column][et_pb_column type=&#8220;1_3&#8243; _builder_version=&#8220;3.25&#8243; background_color_gradient_direction=&#8220;243deg&#8220; custom_padding=&#8220;|||&#8220; custom_padding__hover=&#8220;|||&#8220;][et_pb_blurb title=&#8220;Unser Partner im Bereich SAP\u00ae Applikationsmanagement&#8220; image=&#8220;http:\/\/www.conessent.com\/wp-content\/uploads\/2020\/09\/keon.png&#8220; _builder_version=&#8220;4.6.1&#8243; header_font=&#8220;||||||||&#8220; header_line_height=&#8220;1.4em&#8220; body_font=&#8220;||||||||&#8220; background_color=&#8220;#ffffff&#8220; text_orientation=&#8220;center&#8220; custom_margin=&#8220;|||&#8220; custom_padding=&#8220;54px|20px|60px|20px&#8220; animation_style=&#8220;zoom&#8220; animation_intensity_zoom=&#8220;5%&#8220; border_radii=&#8220;on|4px|4px|4px|4px&#8220; border_color_all=&#8220;#183861&#8243; border_width_top=&#8220;6px&#8220; box_shadow_style=&#8220;preset3&#8243; box_shadow_color=&#8220;rgba(34,56,101,0.12)&#8220;]KEON SOLUTIONS bietet effiziente, flexible und kosteng\u00fcnstige Onsite-, Offshore- und Nearshore-L\u00f6sungen f\u00fcr die Erweiterung und den Support operativer SAP\u00ae ERP-Umgebungen an. Gemeinsam mit KEON entwickeln wir neue Softwarel\u00f6sungen und gew\u00e4hrleisten SLA-basierte 24\/7-Unterst\u00fctzung.[\/et_pb_blurb][\/et_pb_column][et_pb_column type=&#8220;1_3&#8243; _builder_version=&#8220;3.25&#8243; background_color_gradient_direction=&#8220;243deg&#8220; custom_padding=&#8220;|||&#8220; custom_padding__hover=&#8220;|||&#8220;][et_pb_blurb title=&#8220;Unsere Partner im Bereich Business Intelligence&#8220; image=&#8220;http:\/\/www.conessent.com\/wp-content\/uploads\/2020\/09\/Pomerol_Logo_RGB_bi2cvd.jpg&#8220; _builder_version=&#8220;4.6.1&#8243; header_font=&#8220;||||||||&#8220; header_line_height=&#8220;1.4em&#8220; body_font=&#8220;||||||||&#8220; background_color=&#8220;#ffffff&#8220; text_orientation=&#8220;center&#8220; custom_margin=&#8220;|||&#8220; custom_padding=&#8220;54px|20px|60px|20px&#8220; animation_style=&#8220;zoom&#8220; animation_intensity_zoom=&#8220;5%&#8220; border_radii=&#8220;on|4px|4px|4px|4px&#8220; border_color_all=&#8220;#183861&#8243; border_width_top=&#8220;6px&#8220; box_shadow_style=&#8220;preset3&#8243; box_shadow_color=&#8220;rgba(34,56,101,0.12)&#8220;]Pomerol PartnersPomerol Partners ist ein international renommierter QlikView-Implementierungspartner und erarbeitet strategische Business Intelligence L\u00f6sungen f\u00fcr gro\u00dfe Unternehmensgruppen weltweit. Die Partnerschaft mit Pomerol ist darauf ausgerichtet, flexible Berichtsumgebungen f\u00fcr SAP\u00ae Kunden zu entwickeln und m\u00fcndet in Cross Module Analytics \u2013 einer vorkonfigurierten, QlikView-basierten BI-L\u00f6sung f\u00fcr SAP\u00ae Umgebungen.[\/et_pb_blurb][\/et_pb_column][\/et_pb_row][et_pb_row column_structure=&#8220;1_3,1_3,1_3&#8243; use_custom_gutter=&#8220;on&#8220; gutter_width=&#8220;2&#8243; admin_label=&#8220;Features Row&#8220; _builder_version=&#8220;3.25&#8243; custom_padding=&#8220;0.75%||0.75%|&#8220;][et_pb_column type=&#8220;1_3&#8243; _builder_version=&#8220;3.25&#8243; background_color_gradient_direction=&#8220;243deg&#8220; custom_padding=&#8220;|||&#8220; custom_padding__hover=&#8220;|||&#8220;][et_pb_blurb title=&#8220;Unser Partner bei SAP\u00ae Implementierungsprojekten, Basis-Support und Hosting-L\u00f6sungen&#8220; image=&#8220;http:\/\/www.conessent.com\/wp-content\/uploads\/2020\/09\/icas.png&#8220; _builder_version=&#8220;4.6.1&#8243; header_font=&#8220;||||||||&#8220; header_line_height=&#8220;1.4em&#8220; body_font=&#8220;||||||||&#8220; background_color=&#8220;#ffffff&#8220; text_orientation=&#8220;center&#8220; custom_margin=&#8220;|||&#8220; custom_padding=&#8220;54px|20px|60px|20px&#8220; animation_style=&#8220;zoom&#8220; animation_intensity_zoom=&#8220;5%&#8220; border_radii=&#8220;on|4px|4px|4px|4px&#8220; border_color_all=&#8220;#183861&#8243; border_width_top=&#8220;6px&#8220; box_shadow_style=&#8220;preset3&#8243; box_shadow_color=&#8220;rgba(34,56,101,0.12)&#8220;]iCAS ist zertifizierter SAP\u00ae Partner und erarbeitet SAP\u00ae ERP L\u00f6sungen f\u00fcr den Mittelstand \u2013 von der Einf\u00fchrung und dem Basis-Support \u00fcber Schulung und Training bis hin zur Prozess- und Organisationsberatung. iCAS ist unser Partner in SAP\u00ae Implementierungsprojekten und Hosting-Provider f\u00fcr unsere Kunden.[\/et_pb_blurb][\/et_pb_column][et_pb_column type=&#8220;1_3&#8243; _builder_version=&#8220;3.25&#8243; background_color_gradient_direction=&#8220;243deg&#8220; custom_padding=&#8220;|||&#8220; custom_padding__hover=&#8220;|||&#8220;][et_pb_blurb title=&#8220;Unser Partner im SAP\u00ae Abrechnungsmanagement (Agenturgesch\u00e4ft im SAP\u00ae ERP)&#8220; image=&#8220;http:\/\/www.conessent.com\/wp-content\/uploads\/2020\/09\/consaltum-l-im.jpg&#8220; _builder_version=&#8220;4.6.1&#8243; header_font=&#8220;||||||||&#8220; header_line_height=&#8220;1.4em&#8220; body_font=&#8220;||||||||&#8220; background_color=&#8220;#ffffff&#8220; text_orientation=&#8220;center&#8220; custom_margin=&#8220;|||&#8220; custom_padding=&#8220;54px|20px|60px|20px&#8220; animation_style=&#8220;zoom&#8220; animation_intensity_zoom=&#8220;5%&#8220; border_radii=&#8220;on|4px|4px|4px|4px&#8220; border_color_all=&#8220;#183861&#8243; border_width_top=&#8220;6px&#8220; box_shadow_style=&#8220;preset3&#8243; box_shadow_color=&#8220;rgba(34,56,101,0.12)&#8220;]CONSALTUM ist ein Beratungsunternehmen mit langj\u00e4hrigem und umfassenden Know-how aus erfolgreichen Projekten im SAP\u00ae Abrechnungsmanagement.[\/et_pb_blurb][\/et_pb_column][et_pb_column type=&#8220;1_3&#8243; _builder_version=&#8220;3.25&#8243; background_color_gradient_direction=&#8220;243deg&#8220; custom_padding=&#8220;|||&#8220; custom_padding__hover=&#8220;|||&#8220;][\/et_pb_column][\/et_pb_row][\/et_pb_section][et_pb_section fb_built=&#8220;1&#8243; admin_label=&#8220;Our Team&#8220; _builder_version=&#8220;3.22&#8243; custom_padding=&#8220;90px||90px|&#8220;][et_pb_row _builder_version=&#8220;3.25&#8243; background_size=&#8220;initial&#8220; background_position=&#8220;top_left&#8220; background_repeat=&#8220;repeat&#8220; custom_width_px=&#8220;710px&#8220;][et_pb_column type=&#8220;4_4&#8243; _builder_version=&#8220;3.25&#8243; background_position=&#8220;top_left&#8220; custom_padding=&#8220;|||&#8220; custom_padding__hover=&#8220;|||&#8220;][et_pb_divider color=&#8220;#6abbe5&#8243; divider_weight=&#8220;3px&#8220; disabled_on=&#8220;off|off|off&#8220; _builder_version=&#8220;4.6.1&#8243; background_color_gradient_direction=&#8220;90deg&#8220; max_width=&#8220;100px&#8220; module_alignment=&#8220;center&#8220; height=&#8220;5px&#8220; custom_margin=&#8220;||20px|&#8220; custom_padding=&#8220;||20px|&#8220; animation_style=&#8220;slide&#8220; animation_direction=&#8220;bottom&#8220; saved_tabs=&#8220;all&#8220; locked=&#8220;off&#8220;][\/et_pb_divider][et_pb_text admin_label=&#8220;Statistics Section Title&#8220; _builder_version=&#8220;4.6.1&#8243; header_font=&#8220;||||||||&#8220; header_text_color=&#8220;#1f1f1f&#8220; header_font_size=&#8220;36px&#8220; text_orientation=&#8220;center&#8220; max_width=&#8220;710px&#8220; module_alignment=&#8220;center&#8220; custom_margin=&#8220;||1px|||&#8220; animation_style=&#8220;fold&#8220; animation_direction=&#8220;bottom&#8220; animation_intensity_fold=&#8220;20%&#8220; hover_enabled=&#8220;0&#8243; sticky_enabled=&#8220;0&#8243;]<\/p>\n<h1>Unser umfassendes Verst\u00e4ndnis von<br \/> SAP<span style=\"font-size: medium;\">\u00ae<\/span> und Business Insights<\/h1>\n<p>[\/et_pb_text][et_pb_text admin_label=&#8220;Statistics Section Subtitle&#8220; _builder_version=&#8220;4.6.1&#8243; text_font=&#8220;|300|||||||&#8220; text_font_size=&#8220;22px&#8220; background_size=&#8220;initial&#8220; background_position=&#8220;top_left&#8220; background_repeat=&#8220;repeat&#8220; text_orientation=&#8220;center&#8220; max_width=&#8220;710px&#8220; module_alignment=&#8220;center&#8220; animation_style=&#8220;fold&#8220; animation_direction=&#8220;bottom&#8220; animation_intensity_fold=&#8220;20%&#8220; hover_enabled=&#8220;0&#8243; sticky_enabled=&#8220;0&#8243;]<\/p>\n<p>erm\u00f6glicht es uns, zuzuh\u00f6ren, herauszufordern und innovative End-to-End-L\u00f6sungen bereitzustellen, um den Erfolg Ihrer bestehenden und zuk\u00fcnftigen SAP-Investition sicherzustellen.<\/p>\n<p>[\/et_pb_text][et_pb_button button_url=&#8220;@ET-DC@eyJkeW5hbWljIjp0cnVlLCJjb250ZW50IjoicG9zdF9saW5rX3VybF9wYWdlIiwic2V0dGluZ3MiOnsicG9zdF9pZCI6IjEyIn19@&#8220; button_text=&#8220;Wie k\u00f6nnen wir Ihnen helfen?&#8220; button_alignment=&#8220;center&#8220; _builder_version=&#8220;4.6.1&#8243; _dynamic_attributes=&#8220;button_url&#8220; _module_preset=&#8220;default&#8220;][\/et_pb_button][\/et_pb_column][\/et_pb_row][\/et_pb_section]<\/p>\n","protected":false},"excerpt":{"rendered":"<p>[et_pb_section fb_built=&#8220;1&#8243; admin_label=&#8220;Center Aligned Text &#8220; _builder_version=&#8220;4.6.1&#8243; background_enable_color=&#8220;off&#8220; background_color_gradient_direction=&#8220;135deg&#8220; background_image=&#8220;http:\/\/www.conessent.com\/wp-content\/uploads\/2020\/09\/home-hero-2.jpg&#8220; custom_padding=&#8220;10%|0px|5%|0px&#8220; animation_direction=&#8220;bottom&#8220;][et_pb_row _builder_version=&#8220;3.25&#8243;][et_pb_column type=&#8220;4_4&#8243; _builder_version=&#8220;3.25&#8243; custom_padding=&#8220;|||&#8220; custom_padding__hover=&#8220;|||&#8220;][et_pb_text _builder_version=&#8220;4.6.1&#8243; text_font=&#8220;|300|||||||&#8220; text_text_color=&#8220;#ffffff&#8220; text_font_size=&#8220;22px&#8220; header_font=&#8220;|600|||||||&#8220; header_font_size=&#8220;50px&#8220; header_line_height=&#8220;1.3em&#8220; header_2_font=&#8220;||||||||&#8220; text_orientation=&#8220;center&#8220; background_layout=&#8220;dark&#8220; max_width=&#8220;700px&#8220; module_alignment=&#8220;center&#8220;] Partner Wir arbeiten eng mit Unternehmen zusammen, um deren Expertise und Softwarel\u00f6sungen mit unserem Fach- und Branchen Know-how anzureichern.[\/et_pb_text][\/et_pb_column][\/et_pb_row][\/et_pb_section][et_pb_section fb_built=&#8220;1&#8243; admin_label=&#8220;Features&#8220; _builder_version=&#8220;3.22&#8243; background_color=&#8220;#f8fbfe&#8220; custom_padding=&#8220;100px|0px|100px|0px&#8220;][et_pb_row admin_label=&#8220;Tittle&#8220; _builder_version=&#8220;3.25&#8243;][et_pb_column [&hellip;]<\/p>\n","protected":false},"author":1,"featured_media":0,"parent":0,"menu_order":0,"comment_status":"closed","ping_status":"closed","template":"","meta":{"_et_pb_use_builder":"on","_et_pb_old_content":"","_et_gb_content_width":""},"_links":{"self":[{"href":"https:\/\/www.conessent.com\/de\/wp-json\/wp\/v2\/pages\/708"}],"collection":[{"href":"https:\/\/www.conessent.com\/de\/wp-json\/wp\/v2\/pages"}],"about":[{"href":"https:\/\/www.conessent.com\/de\/wp-json\/wp\/v2\/types\/page"}],"author":[{"embeddable":true,"href":"https:\/\/www.conessent.com\/de\/wp-json\/wp\/v2\/users\/1"}],"replies":[{"embeddable":true,"href":"https:\/\/www.conessent.com\/de\/wp-json\/wp\/v2\/comments?post=708"}],"version-history":[{"count":8,"href":"https:\/\/www.conessent.com\/de\/wp-json\/wp\/v2\/pages\/708\/revisions"}],"predecessor-version":[{"id":1008,"href":"https:\/\/www.conessent.com\/de\/wp-json\/wp\/v2\/pages\/708\/revisions\/1008"}],"wp:attachment":[{"href":"https:\/\/www.conessent.com\/de\/wp-json\/wp\/v2\/media?parent=708"}],"curies":[{"name":"wp","href":"https:\/\/api.w.org\/{rel}","templated":true}]}}