{"id":691,"date":"2020-09-10T15:46:26","date_gmt":"2020-09-10T15:46:26","guid":{"rendered":"http:\/\/www.conessent.com\/datenschutz\/"},"modified":"2020-09-10T15:47:31","modified_gmt":"2020-09-10T15:47:31","slug":"datenschutz","status":"publish","type":"page","link":"https:\/\/www.conessent.com\/de\/datenschutz\/","title":{"rendered":"Datenschutz"},"content":{"rendered":"<p>[et_pb_section fb_built=&#8220;1&#8243; _builder_version=&#8220;4.6.1&#8243; _module_preset=&#8220;default&#8220;][et_pb_row _builder_version=&#8220;4.6.1&#8243; _module_preset=&#8220;default&#8220;][et_pb_column _builder_version=&#8220;4.6.1&#8243; _module_preset=&#8220;default&#8220; type=&#8220;4_4&#8243;][et_pb_text _builder_version=&#8220;4.6.1&#8243; _module_preset=&#8220;default&#8220; hover_enabled=&#8220;0&#8243; sticky_enabled=&#8220;0&#8243;]<\/p>\n<h1>Datenschutzerkl\u00e4rung\/Datenschutz<\/h1>\n<p>Datenschutzerkl\u00e4rung und zugleich Information der Betroffenen gem\u00e4\u00df Artikel 13 und 14 der EU-Datenschutz-Grundverordnung (EU-DSGVO)<\/p>\n<p>Kontaktdaten Datenschutzbeauftragter: datenschutz@conessent.com<\/p>\n<p>Mit den folgenden Ausf\u00fchrungen wollen wir Sie \u00fcber die Erhebung und Nutzung von technischen Daten beim Besuch unserer Webseiten bzw. Ihrer personenbezogenen Daten z.B. bei der \u00dcbermittlung einer Anfrage an uns informieren.<\/p>\n<p><strong>Aufzeichnungen beim Besuch unserer Webseiten<\/strong><\/p>\n<p>Beim Aufruf unserer Webseiten ermittelt Ihr Browser Informationen, die durch unseren Provider automatisch in Protokolldateien gespeichert werden. Diese Speicherung erfolgt zur Aufrechterhaltung und Optimierung der Systemsicherheit und -integrit\u00e4t. Die Daten werden zur Verbesserung der Servicequalit\u00e4t unserer Webseiten statistisch ausgewertet, eine personenbezogene Zuordnung erfolgt jedoch nicht. Bei den vom Browser \u00fcbertragenen Daten handelt es sich um:<\/p>\n<p>1. die IP Adresse des zugreifenden Rechners<br \/>\n2. die bei uns aufgerufene Webseite<br \/>\n3. das Datum und die Uhrzeit des Zugriffs<br \/>\n4. die \u00fcbertragene Datenmenge sowie ggf. Fehlercodes<br \/>\n5. den Browsertyp und -version sowie das verwendete Betriebssystem des zugreifenden Rechners<\/p>\n<p><strong>Personenbezogene Daten<\/strong><\/p>\n<p>Personenbezogene Daten werden von uns nur erhoben, wenn Sie uns diese von sich aus mitteilen. Dar\u00fcber hinaus werden keine personenbezogenen Daten erhoben. Wir verwenden diese Daten ausschlie\u00dflich im Rahmen der gesetzlichen Erlaubnistatbest\u00e4nde zur Beantwortung einer von Ihnen erstellten Anfrage sowie der \u00dcbermittlung bzw. Erstellung und Abwicklung von an Sie gerichteten bzw. mit Ihnen vereinbarten Informationen, Angeboten und Vertr\u00e4gen. Eine dar\u00fcber hinaus gehende Verarbeitung erfolgt niemals ohne Ihre ausdr\u00fcckliche Einwilligung, es sei denn, gerichtliche oder beh\u00f6rdliche Anordnungen zwingen uns dazu. Die Dauer der Datenspeicherung richtet sich nach den gesetzlichen Aufbewahrungspflichten und betr\u00e4gt in der Regel 10 Jahre.<\/p>\n<p><strong>Auskunftsrecht<\/strong><\/p>\n<p>Sie k\u00f6nnen jederzeit Auskunft \u00fcber die \u00fcber Sie gespeicherten personenbezogenen Daten, sowie deren Herkunft und den Zweck der Speicherung erhalten, sowie deren teilweise oder vollst\u00e4ndig eingeschr\u00e4nkte Verarbeitung, Berichtigung oder L\u00f6schung verlangen. Dar\u00fcber hinaus k\u00f6nnen Sie ihren Anspruch auf die Wahrnehmung Ihres Widerspruchsrechts gegen die Verarbeitung sowie das Recht auf Daten\u00fcbertragbarkeit geltend machen. Wenden Sie sich hierzu per eMail an datenschutz@conessent.com oder per Brief an die im Impressum angegebene Adresse. Sie haben ferner das Recht, sich bei Beschwerden an die Datenschutz-Aufsichtsbeh\u00f6rde zu wenden.<br \/>\n[\/et_pb_text][\/et_pb_column][\/et_pb_row][\/et_pb_section]<\/p>\n","protected":false},"excerpt":{"rendered":"<p>[et_pb_section fb_built=&#8220;1&#8243; _builder_version=&#8220;4.6.1&#8243; _module_preset=&#8220;default&#8220;][et_pb_row _builder_version=&#8220;4.6.1&#8243; _module_preset=&#8220;default&#8220;][et_pb_column _builder_version=&#8220;4.6.1&#8243; _module_preset=&#8220;default&#8220; type=&#8220;4_4&#8243;][et_pb_text _builder_version=&#8220;4.6.1&#8243; _module_preset=&#8220;default&#8220; hover_enabled=&#8220;0&#8243; sticky_enabled=&#8220;0&#8243;] Datenschutzerkl\u00e4rung\/Datenschutz Datenschutzerkl\u00e4rung und zugleich Information der Betroffenen gem\u00e4\u00df Artikel 13 und 14 der EU-Datenschutz-Grundverordnung (EU-DSGVO) Kontaktdaten Datenschutzbeauftragter: datenschutz@conessent.com Mit den folgenden Ausf\u00fchrungen wollen wir Sie \u00fcber die Erhebung und Nutzung von technischen Daten beim Besuch unserer Webseiten bzw. Ihrer personenbezogenen Daten z.B. [&hellip;]<\/p>\n","protected":false},"author":1,"featured_media":0,"parent":0,"menu_order":0,"comment_status":"closed","ping_status":"closed","template":"","meta":{"_et_pb_use_builder":"on","_et_pb_old_content":"","_et_gb_content_width":""},"_links":{"self":[{"href":"https:\/\/www.conessent.com\/de\/wp-json\/wp\/v2\/pages\/691"}],"collection":[{"href":"https:\/\/www.conessent.com\/de\/wp-json\/wp\/v2\/pages"}],"about":[{"href":"https:\/\/www.conessent.com\/de\/wp-json\/wp\/v2\/types\/page"}],"author":[{"embeddable":true,"href":"https:\/\/www.conessent.com\/de\/wp-json\/wp\/v2\/users\/1"}],"replies":[{"embeddable":true,"href":"https:\/\/www.conessent.com\/de\/wp-json\/wp\/v2\/comments?post=691"}],"version-history":[{"count":5,"href":"https:\/\/www.conessent.com\/de\/wp-json\/wp\/v2\/pages\/691\/revisions"}],"predecessor-version":[{"id":696,"href":"https:\/\/www.conessent.com\/de\/wp-json\/wp\/v2\/pages\/691\/revisions\/696"}],"wp:attachment":[{"href":"https:\/\/www.conessent.com\/de\/wp-json\/wp\/v2\/media?parent=691"}],"curies":[{"name":"wp","href":"https:\/\/api.w.org\/{rel}","templated":true}]}}