{"id":687,"date":"2020-09-10T15:44:17","date_gmt":"2020-09-10T15:44:17","guid":{"rendered":"http:\/\/www.conessent.com\/karriere\/"},"modified":"2025-10-22T15:19:28","modified_gmt":"2025-10-22T15:19:28","slug":"karriere","status":"publish","type":"page","link":"https:\/\/www.conessent.com\/de\/karriere\/","title":{"rendered":"Karriere"},"content":{"rendered":"<p>[et_pb_section fb_built=&#8220;1&#8243; _builder_version=&#8220;4.6.1&#8243; _module_preset=&#8220;default&#8220; background_color=&#8220;rgba(0,0,0,0.7)&#8220; background_image=&#8220;https:\/\/www.conessent.com\/wp-content\/uploads\/2020\/09\/careers-hero.jpg&#8220; background_blend=&#8220;overlay&#8220; custom_padding=&#8220;106px||144px|||&#8220;][et_pb_row _builder_version=&#8220;4.6.1&#8243; _module_preset=&#8220;default&#8220;][et_pb_column type=&#8220;4_4&#8243; _builder_version=&#8220;4.6.1&#8243; _module_preset=&#8220;default&#8220;][et_pb_text _builder_version=&#8220;4.6.1&#8243; _module_preset=&#8220;default&#8220; text_font=&#8220;|300|||||||&#8220; text_text_color=&#8220;#FFFFFF&#8220; text_font_size=&#8220;22px&#8220; header_font=&#8220;|600|||||||&#8220; header_text_color=&#8220;#FFFFFF&#8220; header_font_size=&#8220;50px&#8220; text_orientation=&#8220;center&#8220;]<\/p>\n<h1>Karriere<\/h1>\n<p>Wir sind immer auf der Suche nach ideenreichen und kreativen Menschen,<br \/>\ndie Lust haben, Dinge voranzubringen und entscheidend besser zu machen.<br \/>\n<strong>Momentan stellen wir nicht ein.<\/strong>[\/et_pb_text][\/et_pb_column][\/et_pb_row][\/et_pb_section][et_pb_section fb_built=&#8220;1&#8243; _builder_version=&#8220;4.6.1&#8243; _module_preset=&#8220;default&#8220;][et_pb_row _builder_version=&#8220;4.6.1&#8243; _module_preset=&#8220;default&#8220;][et_pb_column type=&#8220;4_4&#8243; _builder_version=&#8220;4.6.1&#8243; _module_preset=&#8220;default&#8220;][et_pb_text _builder_version=&#8220;4.6.1&#8243; _module_preset=&#8220;default&#8220;]<\/p>\n<h4>Wir sind ein international agierendes Management und IT-Beratungsunternehmen \u2013 spezialisiert auf die Implementierung von SAP\u00ae ERP-L\u00f6sungen f\u00fcr gro\u00dfe und mittlere Unternehmen und haben eine starke Projektpr\u00e4senz in L\u00e4ndern wie \u00d6sterreich, Schweiz, Luxemburg, Gro\u00dfbritannien und den Vereinigten Staaten.<\/h4>\n<p>Unser Team besteht aus erfahrenen und qualifizierten Beratern mit weitreichender SAP\u00ae-Expertise und Fachkenntnissen in den Bereichen Automotive, Telekommunikation, Medien, Nahrungsmittel, Logistik und Pharmazeutik. Wir bieten interessante Entwicklungsperspektiven und Raum f\u00fcr innovative Ideen in anspruchsvollen und abwechslungsreichen T\u00e4tigkeitsfeldern in den Management- und IT-Projekten unserer nationalen und internationalen Kunden.<\/p>\n<p>[\/et_pb_text][\/et_pb_column][\/et_pb_row][\/et_pb_section][et_pb_section fb_built=&#8220;1&#8243; admin_label=&#8220;Split Section&#8220; _builder_version=&#8220;3.22&#8243; custom_padding=&#8220;0px||0px|&#8220; animation_style=&#8220;fold&#8220; animation_direction=&#8220;bottom&#8220; animation_intensity_fold=&#8220;4%&#8220;][et_pb_row column_structure=&#8220;1_2,1_2&#8243; use_custom_gutter=&#8220;on&#8220; gutter_width=&#8220;1&#8243; make_equal=&#8220;on&#8220; module_class=&#8220; et_pb_row_fullwidth&#8220; _builder_version=&#8220;3.25&#8243; background_size=&#8220;initial&#8220; background_position=&#8220;top_left&#8220; background_repeat=&#8220;repeat&#8220; width=&#8220;100%&#8220; width_tablet=&#8220;100%&#8220; width_phone=&#8220;&#8220; width_last_edited=&#8220;on|desktop&#8220; max_width=&#8220;100%&#8220; max_width_tablet=&#8220;100%&#8220; max_width_phone=&#8220;&#8220; max_width_last_edited=&#8220;on|desktop&#8220; custom_margin=&#8220;0px||0px|&#8220; custom_padding=&#8220;0px||0px|&#8220; make_fullwidth=&#8220;on&#8220; locked=&#8220;off&#8220; disabled_on=&#8220;on|on|on&#8220; disabled=&#8220;on&#8220;][et_pb_column type=&#8220;1_2&#8243; _builder_version=&#8220;3.25&#8243; use_background_color_gradient=&#8220;on&#8220; background_image=&#8220;https:\/\/www.conessent.com\/wp-content\/uploads\/2020\/09\/business-02.jpg&#8220; background_position=&#8220;top_left&#8220; custom_padding=&#8220;|||&#8220; custom_padding__hover=&#8220;|||&#8220;][\/et_pb_column][et_pb_column type=&#8220;1_2&#8243; _builder_version=&#8220;3.25&#8243; background_color=&#8220;#f4f4f4&#8243; background_position=&#8220;top_left&#8220; custom_padding=&#8220;8%|6%|8%|6%&#8220; custom_padding__hover=&#8220;|||&#8220;][et_pb_divider color=&#8220;#6abbe5&#8243; divider_weight=&#8220;3px&#8220; disabled_on=&#8220;off|off|off&#8220; _builder_version=&#8220;4.6.1&#8243; background_color_gradient_direction=&#8220;90deg&#8220; max_width=&#8220;100px&#8220; module_alignment=&#8220;left&#8220; height=&#8220;5px&#8220; custom_margin=&#8220;||20px|&#8220; custom_padding=&#8220;||20px|&#8220; animation_style=&#8220;slide&#8220; animation_direction=&#8220;bottom&#8220; saved_tabs=&#8220;all&#8220; locked=&#8220;off&#8220;][\/et_pb_divider][et_pb_cta title=&#8220;Chancen&#8220; button_url=&#8220;https:\/\/www.conessent.com\/wp-content\/uploads\/2020\/09\/Vacancy_EN.pdf&#8220; url_new_window=&#8220;on&#8220; button_text=&#8220;Download&#8220; admin_label=&#8220;Feature 01&#8243; _builder_version=&#8220;4.6.1&#8243; header_font=&#8220;||||||||&#8220; header_text_color=&#8220;#1f1f1f&#8220; header_font_size=&#8220;32px&#8220; header_line_height=&#8220;1.4em&#8220; body_font_size=&#8220;16&#8243; body_line_height=&#8220;1.9em&#8220; use_background_color=&#8220;off&#8220; text_orientation=&#8220;left&#8220; background_layout=&#8220;light&#8220; max_width=&#8220;450px&#8220; module_alignment=&#8220;left&#8220; custom_margin=&#8220;|||&#8220; custom_padding=&#8220;|||&#8220; animation_style=&#8220;fold&#8220; animation_direction=&#8220;bottom&#8220; animation_intensity_fold=&#8220;15%&#8220; button_text_color_hover=&#8220;#6eba01&#8243; button_border_color_hover=&#8220;#6eba01&#8243; button_border_radius_hover=&#8220;0&#8243; button_letter_spacing_hover=&#8220;2&#8243; button_bg_color_hover=&#8220;rgba(0,0,0,0)&#8220; saved_tabs=&#8220;all&#8220; locked=&#8220;off&#8220; button_text_size__hover_enabled=&#8220;off&#8220; button_one_text_size__hover_enabled=&#8220;off&#8220; button_two_text_size__hover_enabled=&#8220;off&#8220; button_text_color__hover_enabled=&#8220;on&#8220; button_text_color__hover=&#8220;#6eba01&#8243; button_one_text_color__hover_enabled=&#8220;off&#8220; button_two_text_color__hover_enabled=&#8220;off&#8220; button_border_width__hover_enabled=&#8220;off&#8220; button_one_border_width__hover_enabled=&#8220;off&#8220; button_two_border_width__hover_enabled=&#8220;off&#8220; button_border_color__hover_enabled=&#8220;on&#8220; button_border_color__hover=&#8220;#6eba01&#8243; button_one_border_color__hover_enabled=&#8220;off&#8220; button_two_border_color__hover_enabled=&#8220;off&#8220; button_border_radius__hover_enabled=&#8220;on&#8220; button_border_radius__hover=&#8220;0&#8243; button_one_border_radius__hover_enabled=&#8220;off&#8220; button_two_border_radius__hover_enabled=&#8220;off&#8220; button_letter_spacing__hover_enabled=&#8220;on&#8220; button_letter_spacing__hover=&#8220;2&#8243; button_one_letter_spacing__hover_enabled=&#8220;off&#8220; button_two_letter_spacing__hover_enabled=&#8220;off&#8220; button_bg_color__hover_enabled=&#8220;on&#8220; button_bg_color__hover=&#8220;rgba(0,0,0,0)&#8220; button_one_bg_color__hover_enabled=&#8220;off&#8220; button_two_bg_color__hover_enabled=&#8220;off&#8220;]<\/p>\n<p>Derzeit suchen wir Junior SAP\u00ae Consultants (m \/ w) im Bereich SAP\u00ae ERP Financials and Logistics. Vollst\u00e4ndige Karrierem\u00f6glichkeit anzeigen:<\/p>\n<p>[\/et_pb_cta][\/et_pb_column][\/et_pb_row][\/et_pb_section]<\/p>\n","protected":false},"excerpt":{"rendered":"<p>[et_pb_section fb_built=&#8220;1&#8243; _builder_version=&#8220;4.6.1&#8243; _module_preset=&#8220;default&#8220; background_color=&#8220;rgba(0,0,0,0.7)&#8220; background_image=&#8220;https:\/\/www.conessent.com\/wp-content\/uploads\/2020\/09\/careers-hero.jpg&#8220; background_blend=&#8220;overlay&#8220; custom_padding=&#8220;106px||144px|||&#8220;][et_pb_row _builder_version=&#8220;4.6.1&#8243; _module_preset=&#8220;default&#8220;][et_pb_column type=&#8220;4_4&#8243; _builder_version=&#8220;4.6.1&#8243; _module_preset=&#8220;default&#8220;][et_pb_text _builder_version=&#8220;4.6.1&#8243; _module_preset=&#8220;default&#8220; text_font=&#8220;|300|||||||&#8220; text_text_color=&#8220;#FFFFFF&#8220; text_font_size=&#8220;22px&#8220; header_font=&#8220;|600|||||||&#8220; header_text_color=&#8220;#FFFFFF&#8220; header_font_size=&#8220;50px&#8220; text_orientation=&#8220;center&#8220;] Karriere Wir sind immer auf der Suche nach ideenreichen und kreativen Menschen, die Lust haben, Dinge voranzubringen und entscheidend besser zu machen. Momentan stellen wir nicht ein.[\/et_pb_text][\/et_pb_column][\/et_pb_row][\/et_pb_section][et_pb_section fb_built=&#8220;1&#8243; _builder_version=&#8220;4.6.1&#8243; _module_preset=&#8220;default&#8220;][et_pb_row _builder_version=&#8220;4.6.1&#8243; _module_preset=&#8220;default&#8220;][et_pb_column type=&#8220;4_4&#8243; [&hellip;]<\/p>\n","protected":false},"author":1,"featured_media":0,"parent":0,"menu_order":0,"comment_status":"closed","ping_status":"closed","template":"","meta":{"_et_pb_use_builder":"on","_et_pb_old_content":"","_et_gb_content_width":""},"_links":{"self":[{"href":"https:\/\/www.conessent.com\/de\/wp-json\/wp\/v2\/pages\/687"}],"collection":[{"href":"https:\/\/www.conessent.com\/de\/wp-json\/wp\/v2\/pages"}],"about":[{"href":"https:\/\/www.conessent.com\/de\/wp-json\/wp\/v2\/types\/page"}],"author":[{"embeddable":true,"href":"https:\/\/www.conessent.com\/de\/wp-json\/wp\/v2\/users\/1"}],"replies":[{"embeddable":true,"href":"https:\/\/www.conessent.com\/de\/wp-json\/wp\/v2\/comments?post=687"}],"version-history":[{"count":14,"href":"https:\/\/www.conessent.com\/de\/wp-json\/wp\/v2\/pages\/687\/revisions"}],"predecessor-version":[{"id":1072,"href":"https:\/\/www.conessent.com\/de\/wp-json\/wp\/v2\/pages\/687\/revisions\/1072"}],"wp:attachment":[{"href":"https:\/\/www.conessent.com\/de\/wp-json\/wp\/v2\/media?parent=687"}],"curies":[{"name":"wp","href":"https:\/\/api.w.org\/{rel}","templated":true}]}}