{"id":679,"date":"2020-09-10T15:38:21","date_gmt":"2020-09-10T15:38:21","guid":{"rendered":"http:\/\/www.conessent.com\/ueber-uns\/"},"modified":"2020-12-11T13:31:44","modified_gmt":"2020-12-11T13:31:44","slug":"uber-uns","status":"publish","type":"page","link":"https:\/\/www.conessent.com\/de\/uber-uns\/","title":{"rendered":"Uber uns"},"content":{"rendered":"<p>[et_pb_section fb_built=&#8220;1&#8243; _builder_version=&#8220;4.6.1&#8243; _module_preset=&#8220;default&#8220; use_background_color_gradient=&#8220;on&#8220; background_color_gradient_start=&#8220;rgba(0,0,0,0.34)&#8220; background_color_gradient_end=&#8220;rgba(0,0,0,0.13)&#8220; background_image=&#8220;http:\/\/www.conessent.com\/wp-content\/uploads\/2020\/09\/about-hero.jpg&#8220; background_blend=&#8220;overlay&#8220; custom_padding=&#8220;128px||128px|||&#8220;][et_pb_row _builder_version=&#8220;4.6.1&#8243; _module_preset=&#8220;default&#8220;][et_pb_column type=&#8220;4_4&#8243; _builder_version=&#8220;4.6.1&#8243; _module_preset=&#8220;default&#8220;][et_pb_text _builder_version=&#8220;4.6.1&#8243; _module_preset=&#8220;default&#8220; text_font=&#8220;|300|||||||&#8220; text_text_color=&#8220;#ffffff&#8220; text_font_size=&#8220;22px&#8220; header_font=&#8220;|600|||||||&#8220; header_text_align=&#8220;center&#8220; header_text_color=&#8220;#FFFFFF&#8220; header_font_size=&#8220;50px&#8220; text_orientation=&#8220;center&#8220;]<\/p>\n<h1>\u00dcber uns<\/h1>\n<p>Berater bei Conessent verf\u00fcgen \u00fcber langj\u00e4hrige Erfahrung in verschiedenen Branchen (Automotive, Handel, FMCG, Logistik).<\/p>\n<p>[\/et_pb_text][\/et_pb_column][\/et_pb_row][\/et_pb_section][et_pb_section fb_built=&#8220;1&#8243; _builder_version=&#8220;4.6.1&#8243; _module_preset=&#8220;default&#8220;][et_pb_row _builder_version=&#8220;4.6.1&#8243; _module_preset=&#8220;default&#8220;][et_pb_column type=&#8220;4_4&#8243; _builder_version=&#8220;4.6.1&#8243; _module_preset=&#8220;default&#8220;][et_pb_text _builder_version=&#8220;4.6.1&#8243; text_font=&#8220;||||||||&#8220; text_line_height=&#8220;1.9em&#8220; header_font=&#8220;||||||||&#8220; header_4_font=&#8220;|600|||||||&#8220; header_4_text_color=&#8220;#353535&#8243; header_4_font_size=&#8220;16px&#8220; header_4_line_height=&#8220;1.9em&#8220; text_orientation=&#8220;center&#8220; animation_style=&#8220;zoom&#8220; animation_intensity_zoom=&#8220;6%&#8220; locked=&#8220;off&#8220;]<\/p>\n<p>Mit unserem Know-how in den Bereichen SAP, Gesch\u00e4ftsmodelle und Kommunikation, w\u00e4hlen wir einen ganzheitlichen Beratungsansatz und begegnen den Anforderungen unserer Kunden von der Fachseite her. Ob gesch\u00e4ftliche oder organisatorische Problemstellungen, SAP-Implementierungen, Erweiterungen oder Upgrades \u2013 profitieren Sie von umfassender, professioneller Beratung, Meinungsst\u00e4rke, Kompetenz und Zuverl\u00e4ssigkeit \u2013 von Anfang an und bis zum erfolgreichen Abschluss.<\/p>\n<p>[\/et_pb_text][\/et_pb_column][\/et_pb_row][et_pb_row column_structure=&#8220;1_4,1_4,1_4,1_4&#8243; _builder_version=&#8220;4.6.1&#8243; _module_preset=&#8220;default&#8220;][et_pb_column type=&#8220;1_4&#8243; _builder_version=&#8220;4.6.1&#8243; _module_preset=&#8220;default&#8220;][et_pb_blurb title=&#8220;Erfahrung&#8220; use_icon=&#8220;on&#8220; font_icon=&#8220;%%103%%&#8220; icon_color=&#8220;#6abbe5&#8243; use_icon_font_size=&#8220;on&#8220; icon_font_size=&#8220;58px&#8220; _builder_version=&#8220;4.6.1&#8243; _module_preset=&#8220;default&#8220; text_orientation=&#8220;center&#8220;]<\/p>\n<p>Unsere Berater sind hoch qualifiziert und verf\u00fcgen \u00fcber mehr als 20 Jahre Erfahrung in SAP-Implementierungen. Sie sind kompetent und meinungsstark und damit in der Lage, auch sehr komplexen und schwierigen Aufgabenstellungen in Projekten zu begegnen.<\/p>\n<p>[\/et_pb_blurb][\/et_pb_column][et_pb_column type=&#8220;1_4&#8243; _builder_version=&#8220;4.6.1&#8243; _module_preset=&#8220;default&#8220;][et_pb_blurb title=&#8220;Ganzheitlicher Ansatz&#8220; use_icon=&#8220;on&#8220; font_icon=&#8220;%%138%%&#8220; icon_color=&#8220;#6abbe5&#8243; use_icon_font_size=&#8220;on&#8220; icon_font_size=&#8220;58px&#8220; _builder_version=&#8220;4.6.1&#8243; _module_preset=&#8220;default&#8220; text_orientation=&#8220;center&#8220;]<\/p>\n<p>Wir n\u00e4hern uns im Dialog mit den CFOs, CEOs und CIOs den Bed\u00fcrfnissen unserer Kundenunternehmen von der fachlich-inhaltlichen Ebene \u2013 nicht von der rein technischen Seite.<\/p>\n<p>[\/et_pb_blurb][\/et_pb_column][et_pb_column type=&#8220;1_4&#8243; _builder_version=&#8220;4.6.1&#8243; _module_preset=&#8220;default&#8220;][et_pb_blurb title=&#8220;Globale Kompetenz&#8220; use_icon=&#8220;on&#8220; font_icon=&#8220;%%285%%&#8220; icon_color=&#8220;#6abbe5&#8243; use_icon_font_size=&#8220;on&#8220; icon_font_size=&#8220;58px&#8220; _builder_version=&#8220;4.6.1&#8243; _module_preset=&#8220;default&#8220; text_orientation=&#8220;center&#8220;]<\/p>\n<p>Profitieren Sie von unseren Erfahrungen und Kenntnissen in Branchen wie Automobilindustrie, Medien, Pharma, Einzelhandel, Logistik und Telekommunikation.<\/p>\n<p>[\/et_pb_blurb][\/et_pb_column][et_pb_column type=&#8220;1_4&#8243; _builder_version=&#8220;4.6.1&#8243; _module_preset=&#8220;default&#8220;][et_pb_blurb title=&#8220;Kundenorientierung&#8220; use_icon=&#8220;on&#8220; font_icon=&#8220;%%259%%&#8220; icon_color=&#8220;#6abbe5&#8243; use_icon_font_size=&#8220;on&#8220; icon_font_size=&#8220;58px&#8220; _builder_version=&#8220;4.6.1&#8243; _module_preset=&#8220;default&#8220; text_orientation=&#8220;center&#8220;]<\/p>\n<p>Neben unserer kompromisslosen Kundenorientierung haben wir enorme Teamf\u00e4higkeiten und integrieren Ihre Mitarbeiter von Beginn an in das Projekt, um eine vollst\u00e4ndige Integration und reibungslose Einf\u00fchrung neuer L\u00f6sungen sicherzustellen.<\/p>\n<p>[\/et_pb_blurb][\/et_pb_column][\/et_pb_row][et_pb_row _builder_version=&#8220;4.6.1&#8243; _module_preset=&#8220;default&#8220;][et_pb_column type=&#8220;4_4&#8243; _builder_version=&#8220;4.6.1&#8243; _module_preset=&#8220;default&#8220;][et_pb_button button_url=&#8220;@ET-DC@eyJkeW5hbWljIjp0cnVlLCJjb250ZW50IjoicG9zdF9saW5rX3VybF9hdHRhY2htZW50Iiwic2V0dGluZ3MiOnsicG9zdF9pZCI6Ijc2MyJ9fQ==@&#8220; url_new_window=&#8220;on&#8220; button_text=&#8220;Download Unternehmensbrosch\u00fcre&#8220; button_alignment=&#8220;center&#8220; _builder_version=&#8220;4.6.1&#8243; _module_preset=&#8220;default&#8220; hover_enabled=&#8220;0&#8243; _dynamic_attributes=&#8220;button_url&#8220; sticky_enabled=&#8220;0&#8243;][\/et_pb_button][\/et_pb_column][\/et_pb_row][\/et_pb_section][et_pb_section fb_built=&#8220;1&#8243; admin_label=&#8220;Split Section&#8220; _builder_version=&#8220;3.22&#8243; custom_padding=&#8220;0px||0px|&#8220; animation_style=&#8220;fold&#8220; animation_direction=&#8220;bottom&#8220; animation_intensity_fold=&#8220;4%&#8220;][et_pb_row column_structure=&#8220;1_2,1_2&#8243; use_custom_gutter=&#8220;on&#8220; gutter_width=&#8220;1&#8243; make_equal=&#8220;on&#8220; module_class=&#8220; et_pb_row_fullwidth&#8220; _builder_version=&#8220;4.6.1&#8243; background_size=&#8220;initial&#8220; background_position=&#8220;top_left&#8220; background_repeat=&#8220;repeat&#8220; width=&#8220;100%&#8220; width_tablet=&#8220;100%&#8220; width_phone=&#8220;&#8220; width_last_edited=&#8220;on|desktop&#8220; max_width=&#8220;100%&#8220; max_width_tablet=&#8220;100%&#8220; max_width_phone=&#8220;&#8220; max_width_last_edited=&#8220;on|desktop&#8220; custom_margin=&#8220;0px||0px|&#8220; custom_padding=&#8220;0px||0px|&#8220; make_fullwidth=&#8220;on&#8220;][et_pb_column type=&#8220;1_2&#8243; _builder_version=&#8220;4.6.1&#8243; use_background_color_gradient=&#8220;on&#8220; background_image=&#8220;http:\/\/www.conessent.com\/wp-content\/uploads\/2020\/09\/about-people.jpg&#8220; background_position=&#8220;top_left&#8220; custom_padding=&#8220;|||&#8220; custom_padding__hover=&#8220;|||&#8220;][\/et_pb_column][et_pb_column type=&#8220;1_2&#8243; _builder_version=&#8220;3.25&#8243; background_color=&#8220;#f4f4f4&#8243; background_position=&#8220;top_left&#8220; custom_padding=&#8220;8%|6%|8%|6%&#8220; custom_padding__hover=&#8220;|||&#8220;][et_pb_divider color=&#8220;#6abbe5&#8243; divider_weight=&#8220;3px&#8220; disabled_on=&#8220;off|off|off&#8220; _builder_version=&#8220;4.6.1&#8243; background_color_gradient_direction=&#8220;90deg&#8220; max_width=&#8220;100px&#8220; module_alignment=&#8220;left&#8220; height=&#8220;5px&#8220; custom_margin=&#8220;||20px|&#8220; custom_padding=&#8220;||20px|&#8220; animation_style=&#8220;slide&#8220; animation_direction=&#8220;bottom&#8220; saved_tabs=&#8220;all&#8220; locked=&#8220;off&#8220;][\/et_pb_divider][et_pb_cta title=&#8220;SAP\u00ae-Experten mit mehr als 20 Jahren Erfahrung in Gesch\u00e4ftsprozess-Optimierung, Systemdesign und -integration in komplexen ERP-Umgebungen \u2013 weltweit.&#8220; button_url=&#8220;http:\/\/www.conessent.com\/de\/kontakt\/&#8220; button_text=&#8220;Was k\u00f6nnen wir f\u00fcr Sie tun?&#8220; admin_label=&#8220;Feature 01&#8243; _builder_version=&#8220;4.6.1&#8243; header_font=&#8220;||||||||&#8220; header_text_color=&#8220;#1f1f1f&#8220; header_font_size=&#8220;36&#8243; header_line_height=&#8220;1.4em&#8220; body_font_size=&#8220;16&#8243; body_line_height=&#8220;1.9em&#8220; use_background_color=&#8220;off&#8220; text_orientation=&#8220;left&#8220; background_layout=&#8220;light&#8220; max_width=&#8220;450px&#8220; module_alignment=&#8220;left&#8220; custom_margin=&#8220;|247px||||&#8220; custom_padding=&#8220;|||&#8220; animation_style=&#8220;fold&#8220; animation_direction=&#8220;bottom&#8220; animation_intensity_fold=&#8220;15%&#8220; button_text_color_hover=&#8220;#6eba01&#8243; button_border_color_hover=&#8220;#6eba01&#8243; button_border_radius_hover=&#8220;0&#8243; button_letter_spacing_hover=&#8220;2&#8243; button_bg_color_hover=&#8220;rgba(0,0,0,0)&#8220; saved_tabs=&#8220;all&#8220; locked=&#8220;off&#8220; button_text_size__hover_enabled=&#8220;off&#8220; button_one_text_size__hover_enabled=&#8220;off&#8220; button_two_text_size__hover_enabled=&#8220;off&#8220; button_text_color__hover_enabled=&#8220;on&#8220; button_text_color__hover=&#8220;#6eba01&#8243; button_one_text_color__hover_enabled=&#8220;off&#8220; button_two_text_color__hover_enabled=&#8220;off&#8220; button_border_width__hover_enabled=&#8220;off&#8220; button_one_border_width__hover_enabled=&#8220;off&#8220; button_two_border_width__hover_enabled=&#8220;off&#8220; button_border_color__hover_enabled=&#8220;on&#8220; button_border_color__hover=&#8220;#6eba01&#8243; button_one_border_color__hover_enabled=&#8220;off&#8220; button_two_border_color__hover_enabled=&#8220;off&#8220; button_border_radius__hover_enabled=&#8220;on&#8220; button_border_radius__hover=&#8220;0&#8243; button_one_border_radius__hover_enabled=&#8220;off&#8220; button_two_border_radius__hover_enabled=&#8220;off&#8220; button_letter_spacing__hover_enabled=&#8220;on&#8220; button_letter_spacing__hover=&#8220;2&#8243; button_one_letter_spacing__hover_enabled=&#8220;off&#8220; button_two_letter_spacing__hover_enabled=&#8220;off&#8220; button_bg_color__hover_enabled=&#8220;on&#8220; button_bg_color__hover=&#8220;rgba(0,0,0,0)&#8220; button_one_bg_color__hover_enabled=&#8220;off&#8220; button_two_bg_color__hover_enabled=&#8220;off&#8220;]<\/p>\n<p>Wir erarbeiten f\u00fcr Sie ma\u00dfgeschneiderte L\u00f6sungen zur St\u00e4rkung Ihres Unternehmens. Mit Fokus auf Ihren individuellen Anforderungen und betrieblichen Fragestellungen erarbeiten wir gezielte Ma\u00dfnahmen und liefern passgenaue Ideen \u2013 pragmatisch und nutzbringend \u2013 ohne Umwege.<\/p>\n<p>[\/et_pb_cta][\/et_pb_column][\/et_pb_row][\/et_pb_section][et_pb_section fb_built=&#8220;1&#8243; _builder_version=&#8220;4.6.1&#8243; _module_preset=&#8220;default&#8220;][et_pb_row _builder_version=&#8220;4.6.1&#8243; _module_preset=&#8220;default&#8220;][et_pb_column type=&#8220;4_4&#8243; _builder_version=&#8220;4.6.1&#8243; _module_preset=&#8220;default&#8220;][et_pb_text _builder_version=&#8220;4.6.1&#8243; _module_preset=&#8220;default&#8220; header_2_font=&#8220;|600|||||||&#8220; header_2_text_align=&#8220;center&#8220; header_2_font_size=&#8220;30px&#8220;]<\/p>\n<h2>Unser Management<\/h2>\n<p>[\/et_pb_text][et_pb_divider color=&#8220;#6abbe5&#8243; divider_weight=&#8220;4px&#8220; disabled_on=&#8220;on|on|off&#8220; _builder_version=&#8220;4.6.1&#8243; background_size=&#8220;initial&#8220; background_position=&#8220;top_left&#8220; background_repeat=&#8220;repeat&#8220; max_width=&#8220;40px&#8220; module_alignment=&#8220;center&#8220; custom_margin=&#8220;||10px|&#8220; animation_style=&#8220;zoom&#8220; animation_direction=&#8220;left&#8220; saved_tabs=&#8220;all&#8220; locked=&#8220;off&#8220;][\/et_pb_divider][\/et_pb_column][\/et_pb_row][et_pb_row column_structure=&#8220;1_3,1_3,1_3&#8243; use_custom_gutter=&#8220;on&#8220; _builder_version=&#8220;4.6.1&#8243; _module_preset=&#8220;default&#8220; max_width=&#8220;1544px&#8220;][et_pb_column type=&#8220;1_3&#8243; _builder_version=&#8220;4.6.1&#8243; _module_preset=&#8220;default&#8220;][et_pb_team_member name=&#8220;Dr Frank Rothhaas&#8220; position=&#8220;Gesch\u00e4ftsf\u00fchrer&#8220; image_url=&#8220;http:\/\/www.conessent.com\/wp-content\/uploads\/2020\/09\/about-FR.jpg&#8220; _builder_version=&#8220;4.6.1&#8243; _module_preset=&#8220;default&#8220;]<\/p>\n<p>Frank Rothhaas ist Gesch\u00e4ftsf\u00fchrer der Conessent Consulting GmbH und seit mehr 20 Jahren als Projektleiter in internationalen SAP\u00ae-Implementierungsprojekten t\u00e4tig. Er hat in den Bereichen Betriebswirtschaftliche Konzeption, Gesch\u00e4ftsprozess-Integration und Anwendungsdesign in vielen Unternehmen verschiedener Branchen Erfahrungen gesammelt, die er heute konsequent weiter entwickelt und in die Beratung einbringt. Einen Schwerpunkt bildet die Umsetzung internationaler Rechnungslegungsvorschriften und deren Integration in das Management- und Konzernberichtswesen. Frank Rothhaas studierte Wirtschaftswissenschaften an der Universit\u00e4t Mannheim und promovierte anschlie\u00dfend im Fachbereich Wirtschaftsinformatik.<\/p>\n<p>[\/et_pb_team_member][et_pb_blurb title=&#8220;E-Mail&#8220; url=&#8220;mailto:frank.rothhaas@conessent.com&#8220; url_new_window=&#8220;on&#8220; image=&#8220;http:\/\/www.conessent.com\/wp-content\/uploads\/2020\/09\/email_small.png&#8220; icon_placement=&#8220;left&#8220; _builder_version=&#8220;4.6.1&#8243; _module_preset=&#8220;default&#8220; header_text_color=&#8220;#999999&#8243; header_font_size=&#8220;16px&#8220; custom_margin=&#8220;||11px|||&#8220; custom_padding=&#8220;||0px||false|false&#8220;][\/et_pb_blurb][et_pb_blurb title=&#8220; Profil&#8220; url=&#8220;http:\/\/www.conessent.com\/wp-content\/uploads\/2020\/09\/Frank-Rothhaas-Infographic-Profile.pdf&#8220; url_new_window=&#8220;on&#8220; image=&#8220;http:\/\/www.conessent.com\/wp-content\/uploads\/2020\/09\/prof_small.png&#8220; icon_placement=&#8220;left&#8220; _builder_version=&#8220;4.6.1&#8243; _module_preset=&#8220;default&#8220; header_text_color=&#8220;#999999&#8243; header_font_size=&#8220;16px&#8220; custom_margin=&#8220;||11px|||&#8220; custom_padding=&#8220;||0px||false|false&#8220;][\/et_pb_blurb][et_pb_blurb title=&#8220;Xing&#8220; url=&#8220;https:\/\/www.xing.com\/profile\/Frank_Rothhaas&#8220; url_new_window=&#8220;on&#8220; image=&#8220;http:\/\/www.conessent.com\/wp-content\/uploads\/2020\/09\/xing_small.png&#8220; icon_placement=&#8220;left&#8220; _builder_version=&#8220;4.6.1&#8243; _module_preset=&#8220;default&#8220; header_text_color=&#8220;#999999&#8243; header_font_size=&#8220;16px&#8220; custom_margin=&#8220;||11px|||&#8220; custom_padding=&#8220;||0px||false|false&#8220;][\/et_pb_blurb][et_pb_blurb title=&#8220;LinkedIn&#8220; url=&#8220;http:\/\/www.linkedin.com\/pub\/dir\/FRANK\/ROTHHAAS&#8220; url_new_window=&#8220;on&#8220; image=&#8220;http:\/\/www.conessent.com\/wp-content\/uploads\/2020\/09\/linkedin_small.png&#8220; icon_placement=&#8220;left&#8220; _builder_version=&#8220;4.6.1&#8243; _module_preset=&#8220;default&#8220; header_text_color=&#8220;#9b9b9b&#8220; header_font_size=&#8220;16px&#8220; custom_padding=&#8220;||0px||false|false&#8220;][\/et_pb_blurb][\/et_pb_column][et_pb_column type=&#8220;1_3&#8243; _builder_version=&#8220;4.6.1&#8243; _module_preset=&#8220;default&#8220;][et_pb_team_member name=&#8220;Reinhard M\u00fcller&#8220; position=&#8220;Mitbegr\u00fcnder und Partner&#8220; image_url=&#8220;http:\/\/www.conessent.com\/wp-content\/uploads\/2020\/09\/about-DS.jpg&#8220; _builder_version=&#8220;4.6.1&#8243; _module_preset=&#8220;default&#8220;]<\/p>\n<p>Reinhard M\u00fcller hat als Projektmanager in den vergangenen 20 Jahren im Bereich SAP\u00ae Finanzwesen und Controlling eine Vielzahl internationaler Template-Entwicklungen und Rollouts begleitet und dabei wertvolle Erfahrungen in verschiedenen Branchen gesammelt, die er heute als Partner der Conessent konsequent in Kundenprojekten umsetzt. Dabei setzt er seine fundierten Kenntnisse der nationalen und internationalen Rechnungslegungsvorschriften sowie der Konzernrechnungslegung im Design von SAP\u00ae L\u00f6sungen ein. Reinhard M\u00fcller war \u2013 nach absolviertem Studium der Wirtschaftswissenschaften an der Universit\u00e4t Paderborn \u2013 mit den Schwerpunkten Bilanzen, Finanzen und Steuern \u2013 zun\u00e4chst f\u00fcr einige Jahre in der internen Revision eines Gro\u00dfunternehmens sowie als kaufm\u00e4nnischer Leiter eines mittelst\u00e4ndischen Unternehmens aktiv, bevor er Partner einer weltweit agierenden Management- und IT-Beratung wurde und sp\u00e4ter die Conessent Consulting GmbH mit gr\u00fcndete.<\/p>\n<p>[\/et_pb_team_member][et_pb_blurb title=&#8220;E-Mail&#8220; url=&#8220;mailto:reinhard.muller@conessent.com&#8220; url_new_window=&#8220;on&#8220; image=&#8220;http:\/\/www.conessent.com\/wp-content\/uploads\/2020\/09\/email_small.png&#8220; icon_placement=&#8220;left&#8220; _builder_version=&#8220;4.6.1&#8243; _module_preset=&#8220;default&#8220; header_text_color=&#8220;#999999&#8243; header_font_size=&#8220;16px&#8220; custom_margin=&#8220;||11px|||&#8220; custom_padding=&#8220;||0px||false|false&#8220;][\/et_pb_blurb][et_pb_blurb title=&#8220; Profil&#8220; url=&#8220;http:\/\/www.conessent.com\/wp-content\/uploads\/2020\/09\/Reinhard-Muller-Infographic-Profile.pdf&#8220; url_new_window=&#8220;on&#8220; image=&#8220;http:\/\/www.conessent.com\/wp-content\/uploads\/2020\/09\/prof_small.png&#8220; icon_placement=&#8220;left&#8220; _builder_version=&#8220;4.6.1&#8243; _module_preset=&#8220;default&#8220; header_text_color=&#8220;#999999&#8243; header_font_size=&#8220;16px&#8220; custom_margin=&#8220;||11px|||&#8220; custom_padding=&#8220;||0px||false|false&#8220;][\/et_pb_blurb][et_pb_blurb title=&#8220;LinkedIn&#8220; url=&#8220;https:\/\/www.linkedin.com\/company\/conessent-consulting-gmbh\/&#8220; url_new_window=&#8220;on&#8220; image=&#8220;http:\/\/www.conessent.com\/wp-content\/uploads\/2020\/09\/linkedin_small.png&#8220; icon_placement=&#8220;left&#8220; _builder_version=&#8220;4.6.1&#8243; _module_preset=&#8220;default&#8220; header_text_color=&#8220;#9b9b9b&#8220; header_font_size=&#8220;16px&#8220; custom_padding=&#8220;||0px||false|false&#8220;][\/et_pb_blurb][\/et_pb_column][et_pb_column type=&#8220;1_3&#8243; _builder_version=&#8220;4.6.1&#8243; _module_preset=&#8220;default&#8220;][et_pb_team_member name=&#8220;Harald Fritz&#8220; position=&#8220; Senior SAP Projektmanager und Partner&#8220; image_url=&#8220;http:\/\/www.conessent.com\/wp-content\/uploads\/2020\/09\/about-HF.jpg&#8220; _builder_version=&#8220;4.6.1&#8243; _module_preset=&#8220;default&#8220;]<\/p>\n<p>Harald Fritz ist Senior SAP Project Manager und Partner bei Conessent. Sein Schwerpunkt liegt auf dem \u00fcbergreifenden Projekt-, Portfolio- und Investment-Management (PPM, IM\/PS). Sein Wissen und seine Erfahrung bei der Erstellung und Umsetzung komplexer Designs und Migrationen hat er u.a. bei einer Reihe international t\u00e4tiger Unternehmen im Bereich Telekommunikation und Automotive unter Beweis gestellt. Harald studierte Wirtschaftsingenieurwesen mit Schwerpunkt Produktionstechnologie an der Universit\u00e4t Karlsruhe (KIT).<\/p>\n<p>[\/et_pb_team_member][et_pb_blurb title=&#8220;E-Mail&#8220; url=&#8220;mailto:harald.fritz@conessent.com&#8220; url_new_window=&#8220;on&#8220; image=&#8220;http:\/\/www.conessent.com\/wp-content\/uploads\/2020\/09\/email_small.png&#8220; icon_placement=&#8220;left&#8220; _builder_version=&#8220;4.6.1&#8243; _module_preset=&#8220;default&#8220; header_text_color=&#8220;#999999&#8243; header_font_size=&#8220;16px&#8220; custom_margin=&#8220;||11px|||&#8220; custom_padding=&#8220;||0px||false|false&#8220;][\/et_pb_blurb][et_pb_blurb title=&#8220; Profil&#8220; url=&#8220;http:\/\/www.conessent.com\/wp-content\/uploads\/2020\/09\/Harald-Fritz-Infographic-Portfolio.pdf&#8220; url_new_window=&#8220;on&#8220; image=&#8220;http:\/\/www.conessent.com\/wp-content\/uploads\/2020\/09\/prof_small.png&#8220; icon_placement=&#8220;left&#8220; _builder_version=&#8220;4.6.1&#8243; _module_preset=&#8220;default&#8220; header_text_color=&#8220;#999999&#8243; header_font_size=&#8220;16px&#8220; custom_margin=&#8220;||11px|||&#8220; custom_padding=&#8220;||0px||false|false&#8220;][\/et_pb_blurb][et_pb_blurb title=&#8220;Xing&#8220; url=&#8220;https:\/\/www.xing.com\/profile\/Harald_Fritz19&#8243; url_new_window=&#8220;on&#8220; image=&#8220;http:\/\/www.conessent.com\/wp-content\/uploads\/2020\/09\/xing_small.png&#8220; icon_placement=&#8220;left&#8220; _builder_version=&#8220;4.6.1&#8243; _module_preset=&#8220;default&#8220; header_text_color=&#8220;#999999&#8243; header_font_size=&#8220;16px&#8220; custom_margin=&#8220;||11px|||&#8220; custom_padding=&#8220;||0px||false|false&#8220;][\/et_pb_blurb][et_pb_blurb title=&#8220;LinkedIn&#8220; url=&#8220;https:\/\/www.linkedin.com\/company\/conessent-consulting-gmbh\/&#8220; url_new_window=&#8220;on&#8220; image=&#8220;http:\/\/www.conessent.com\/wp-content\/uploads\/2020\/09\/linkedin_small.png&#8220; icon_placement=&#8220;left&#8220; _builder_version=&#8220;4.6.1&#8243; _module_preset=&#8220;default&#8220; header_text_color=&#8220;#9b9b9b&#8220; header_font_size=&#8220;16px&#8220; custom_padding=&#8220;||0px||false|false&#8220;][\/et_pb_blurb][\/et_pb_column][\/et_pb_row][et_pb_row _builder_version=&#8220;4.6.1&#8243; _module_preset=&#8220;default&#8220;][et_pb_column type=&#8220;4_4&#8243; _builder_version=&#8220;4.6.1&#8243; _module_preset=&#8220;default&#8220;][et_pb_button button_url=&#8220;http:\/\/www.conessent.com\/de\/karriere\/&#8220; button_text=&#8220; Karriere bei Conessent&#8220; button_alignment=&#8220;center&#8220; _builder_version=&#8220;4.6.1&#8243; _module_preset=&#8220;default&#8220;][\/et_pb_button][\/et_pb_column][\/et_pb_row][\/et_pb_section]<\/p>\n","protected":false},"excerpt":{"rendered":"<p>[et_pb_section fb_built=&#8220;1&#8243; _builder_version=&#8220;4.6.1&#8243; _module_preset=&#8220;default&#8220; use_background_color_gradient=&#8220;on&#8220; background_color_gradient_start=&#8220;rgba(0,0,0,0.34)&#8220; background_color_gradient_end=&#8220;rgba(0,0,0,0.13)&#8220; background_image=&#8220;http:\/\/www.conessent.com\/wp-content\/uploads\/2020\/09\/about-hero.jpg&#8220; background_blend=&#8220;overlay&#8220; custom_padding=&#8220;128px||128px|||&#8220;][et_pb_row _builder_version=&#8220;4.6.1&#8243; _module_preset=&#8220;default&#8220;][et_pb_column type=&#8220;4_4&#8243; _builder_version=&#8220;4.6.1&#8243; _module_preset=&#8220;default&#8220;][et_pb_text _builder_version=&#8220;4.6.1&#8243; _module_preset=&#8220;default&#8220; text_font=&#8220;|300|||||||&#8220; text_text_color=&#8220;#ffffff&#8220; text_font_size=&#8220;22px&#8220; header_font=&#8220;|600|||||||&#8220; header_text_align=&#8220;center&#8220; header_text_color=&#8220;#FFFFFF&#8220; header_font_size=&#8220;50px&#8220; text_orientation=&#8220;center&#8220;] \u00dcber uns Berater bei Conessent verf\u00fcgen \u00fcber langj\u00e4hrige Erfahrung in verschiedenen Branchen (Automotive, Handel, FMCG, Logistik). [\/et_pb_text][\/et_pb_column][\/et_pb_row][\/et_pb_section][et_pb_section fb_built=&#8220;1&#8243; _builder_version=&#8220;4.6.1&#8243; _module_preset=&#8220;default&#8220;][et_pb_row _builder_version=&#8220;4.6.1&#8243; _module_preset=&#8220;default&#8220;][et_pb_column type=&#8220;4_4&#8243; _builder_version=&#8220;4.6.1&#8243; _module_preset=&#8220;default&#8220;][et_pb_text _builder_version=&#8220;4.6.1&#8243; text_font=&#8220;||||||||&#8220; text_line_height=&#8220;1.9em&#8220; header_font=&#8220;||||||||&#8220; header_4_font=&#8220;|600|||||||&#8220; [&hellip;]<\/p>\n","protected":false},"author":1,"featured_media":0,"parent":0,"menu_order":0,"comment_status":"closed","ping_status":"closed","template":"","meta":{"_et_pb_use_builder":"on","_et_pb_old_content":"","_et_gb_content_width":""},"_links":{"self":[{"href":"https:\/\/www.conessent.com\/de\/wp-json\/wp\/v2\/pages\/679"}],"collection":[{"href":"https:\/\/www.conessent.com\/de\/wp-json\/wp\/v2\/pages"}],"about":[{"href":"https:\/\/www.conessent.com\/de\/wp-json\/wp\/v2\/types\/page"}],"author":[{"embeddable":true,"href":"https:\/\/www.conessent.com\/de\/wp-json\/wp\/v2\/users\/1"}],"replies":[{"embeddable":true,"href":"https:\/\/www.conessent.com\/de\/wp-json\/wp\/v2\/comments?post=679"}],"version-history":[{"count":37,"href":"https:\/\/www.conessent.com\/de\/wp-json\/wp\/v2\/pages\/679\/revisions"}],"predecessor-version":[{"id":919,"href":"https:\/\/www.conessent.com\/de\/wp-json\/wp\/v2\/pages\/679\/revisions\/919"}],"wp:attachment":[{"href":"https:\/\/www.conessent.com\/de\/wp-json\/wp\/v2\/media?parent=679"}],"curies":[{"name":"wp","href":"https:\/\/api.w.org\/{rel}","templated":true}]}}