{"id":1016,"date":"2020-12-11T13:24:11","date_gmt":"2020-12-11T13:24:11","guid":{"rendered":"http:\/\/www.conessent.com\/logistik\/"},"modified":"2020-12-11T13:31:12","modified_gmt":"2020-12-11T13:31:12","slug":"logistik","status":"publish","type":"page","link":"https:\/\/www.conessent.com\/de\/logistik\/","title":{"rendered":"Logistik"},"content":{"rendered":"<p>[et_pb_section fb_built=&#8220;1&#8243; _builder_version=&#8220;4.6.1&#8243; _module_preset=&#8220;default&#8220; use_background_color_gradient=&#8220;on&#8220; background_color_gradient_start=&#8220;rgba(0,0,0,0.59)&#8220; background_color_gradient_end=&#8220;rgba(0,0,0,0.24)&#8220; background_image=&#8220;http:\/\/www.conessent.com\/wp-content\/uploads\/2020\/09\/logistics-hero.jpg&#8220; background_blend=&#8220;overlay&#8220; custom_padding=&#8220;154px||159px|||&#8220;][et_pb_row _builder_version=&#8220;4.6.1&#8243; _module_preset=&#8220;default&#8220;][et_pb_column type=&#8220;4_4&#8243; _builder_version=&#8220;4.6.1&#8243; _module_preset=&#8220;default&#8220;][et_pb_text _builder_version=&#8220;4.6.1&#8243; _module_preset=&#8220;default&#8220; text_font=&#8220;|300|||||||&#8220; text_text_color=&#8220;#ffffff&#8220; text_font_size=&#8220;22px&#8220; header_font=&#8220;|600|||||||&#8220; header_text_align=&#8220;center&#8220; header_text_color=&#8220;#ffffff&#8220; header_font_size=&#8220;50px&#8220; hover_enabled=&#8220;0&#8243; sticky_enabled=&#8220;0&#8243;]<\/p>\n<h1> Logistik <\/ h1><br \/>\n[\/et_pb_text][et_pb_text _builder_version=&#8220;4.6.1&#8243; _module_preset=&#8220;default&#8220; text_text_color=&#8220;#ffffff&#8220; text_orientation=&#8220;center&#8220; text_font_size=&#8220;21px&#8220; text_font=&#8220;|300|||||||&#8220; hover_enabled=&#8220;0&#8243; sticky_enabled=&#8220;0&#8243;]<\/p>\n<p> Unterst\u00fctzung vom Konzept bis zur Realisierung mit Schulungen, die auf Ihre Bed\u00fcrfnisse und Anforderungen zugeschnitten sind.<\/p>\n<p>[\/et_pb_text][\/et_pb_column][\/et_pb_row][\/et_pb_section][et_pb_section fb_built=&#8220;1&#8243; admin_label=&#8220;Our Team&#8220; _builder_version=&#8220;3.22&#8243; custom_padding=&#8220;90px||17px|||&#8220;][et_pb_row _builder_version=&#8220;3.25&#8243; background_size=&#8220;initial&#8220; background_position=&#8220;top_left&#8220; background_repeat=&#8220;repeat&#8220; custom_width_px=&#8220;710px&#8220;][et_pb_column type=&#8220;4_4&#8243; _builder_version=&#8220;3.25&#8243; background_position=&#8220;top_left&#8220; custom_padding=&#8220;|||&#8220; custom_padding__hover=&#8220;|||&#8220;][et_pb_divider color=&#8220;#6abbe5&#8243; divider_weight=&#8220;3px&#8220; disabled_on=&#8220;off|off|off&#8220; _builder_version=&#8220;4.6.1&#8243; background_color_gradient_direction=&#8220;90deg&#8220; max_width=&#8220;100px&#8220; module_alignment=&#8220;center&#8220; height=&#8220;5px&#8220; custom_margin=&#8220;||20px|&#8220; custom_padding=&#8220;||20px|&#8220; animation_style=&#8220;slide&#8220; animation_direction=&#8220;bottom&#8220; saved_tabs=&#8220;all&#8220; locked=&#8220;off&#8220;][\/et_pb_divider][et_pb_text admin_label=&#8220;Statistics Section Title&#8220; _builder_version=&#8220;4.6.1&#8243; header_font=&#8220;||||||||&#8220; header_text_color=&#8220;#1f1f1f&#8220; header_font_size=&#8220;36px&#8220; text_orientation=&#8220;center&#8220; max_width=&#8220;710px&#8220; module_alignment=&#8220;center&#8220; custom_margin=&#8220;||1px|||&#8220; animation_style=&#8220;fold&#8220; animation_direction=&#8220;bottom&#8220; animation_intensity_fold=&#8220;20%&#8220;]<\/p>\n<h1> \u00dcbersicht <\/ h1><\/p>\n<h3> Bei SAP steht die Integration aller erforderlichen Prozesse in ihre Vertriebs- und Lagerorte im Vordergrund. Wir unterst\u00fctzen die Definition und Implementierung der effektivsten und zeiteffizientesten L\u00f6sungen, die kurzfristig erreicht werden k\u00f6nnen, ohne Ihre strategischen Ziele aus den Augen zu verlieren. <\/ H3>[\/et_pb_text][\/et_pb_column][\/et_pb_row][et_pb_row column_structure=&#8220;1_2,1_2&#8243; _builder_version=&#8220;4.6.1&#8243; _module_preset=&#8220;default&#8220;][et_pb_column type=&#8220;1_2&#8243; _builder_version=&#8220;4.6.1&#8243; _module_preset=&#8220;default&#8220;][et_pb_text _builder_version=&#8220;4.6.1&#8243; _module_preset=&#8220;default&#8220;]<\/p>\n<p> Indem Sie unsere Kombination aus Beratung, Analyse, Implementierung und Wissenstransfer in Ihr Unternehmen integrieren, k\u00f6nnen unsere Projekte letztendlich von Ihren internen Mitarbeitern \u00fcbernommen werden, um die Minimierung externer Kosten zu gew\u00e4hrleisten. Unser Team hochqualifizierter Mitarbeiter erweitert st\u00e4ndig seine Wissensbasis, um die bestm\u00f6glichen L\u00f6sungen zu liefern. Wir arbeiten mit unserer eigenen SAP-Systemlandschaft, die st\u00e4ndig auf dem neuesten Stand gehalten wird und Ihnen den besten Service bietet. <\/ P>[\/et_pb_text][\/et_pb_column][et_pb_column type=&#8220;1_2&#8243; _builder_version=&#8220;4.6.1&#8243; _module_preset=&#8220;default&#8220;][et_pb_text _builder_version=&#8220;4.6.1&#8243; _module_preset=&#8220;default&#8220;]<\/p>\n<p> Die Kombination aus umfassendem Produktwissen und intensiver Beratung und Projekterfahrung auf nationaler und internationaler Ebene erm\u00f6glicht es uns, die Vorteile von SAP-Logistikl\u00f6sungen aufzuzeigen und mit Ihnen zu teilen. <\/ p>[\/et_pb_text][\/et_pb_column][\/et_pb_row][\/et_pb_section][et_pb_section fb_built=&#8220;1&#8243; _builder_version=&#8220;4.6.1&#8243; _module_preset=&#8220;default&#8220; custom_padding=&#8220;||26px|||&#8220;][et_pb_row _builder_version=&#8220;4.6.1&#8243; _module_preset=&#8220;default&#8220;][et_pb_column type=&#8220;4_4&#8243; _builder_version=&#8220;4.6.1&#8243; _module_preset=&#8220;default&#8220; background_color=&#8220;#f2f2f2&#8243;][et_pb_text _builder_version=&#8220;4.6.1&#8243; _module_preset=&#8220;default&#8220; custom_padding=&#8220;3%|3%|3%|3%|false|false&#8220;]<\/p>\n<h4> Das SAP Material Management System (MM) bietet in Verbindung mit dem SAP Warehouse Management (WM) eine ideale Basis f\u00fcr eine wirtschaftliche, intelligente Lager- und Distributionslogistik. <\/ h4><\/p>\n<p> <\/ p><\/p>\n<p> <strong> Wir unterst\u00fctzen Sie in allen erforderlichen Themen, zum Beispiel: <\/ strong> <\/ p><\/p>\n<ul>\n<li> Lieferantenbewertung \/ Angebot <\/ li> <\/ ul>\n<li> Inventar (IM-basiert) <\/ li>\n<li> Verwalten von Stammdaten (z. B. Materialien, Lieferanten, Infos\u00e4tze usw.) <\/ li>\n<li> Materialbedarfsplanung <\/ li> <\/ ul>\n<li> Beschaffung <\/ li> <\/ ul>\n<li> Materialbewertung (z. B. geteilte Bewertung, Materialbuch) <\/ li>\n<li> Materialbewegungen nach Bewegungsarten <\/ li> <\/ ul>\n<li> Lagerverwaltung und Lagerverwaltung <\/ li> <\/ ul>\n<li> Kontenfindung <\/ li> <\/ ul>\n<li> Rechnungspr\u00fcfung <\/ li> <\/ ul>\n<li> Definition und Verwaltung komplexer Lagerstrukturen <\/ li>\n<li> Optimierung des Materialflusses mit modernen Strategien f\u00fcr Lagerplatzierungen <\/ li>\n<li> Handling Unit Management <\/ li> <\/ ul>\n<li> Transport (eingehend und ausgehend) <\/ li>\n<li> Inventar (WM-basiert) <\/ li>\n<li> Drucken <\/ li>\n<li> Lean-WM <\/ li> <\/ ul>\n<li> Speichereinheitenverwaltung <\/ li>\n<li> Speichersteuerung <\/ li> <\/ ul><br \/>\n<\/ ul>[\/et_pb_text][\/et_pb_column][\/et_pb_row][\/et_pb_section][et_pb_section fb_built=&#8220;1&#8243; admin_label=&#8220;Our Team&#8220; _builder_version=&#8220;3.22&#8243; custom_padding=&#8220;35px||90px|||&#8220;][et_pb_row _builder_version=&#8220;3.25&#8243; background_size=&#8220;initial&#8220; background_position=&#8220;top_left&#8220; background_repeat=&#8220;repeat&#8220; custom_width_px=&#8220;710px&#8220;][et_pb_column type=&#8220;4_4&#8243; _builder_version=&#8220;3.25&#8243; background_position=&#8220;top_left&#8220; custom_padding=&#8220;|||&#8220; custom_padding__hover=&#8220;|||&#8220;][et_pb_divider color=&#8220;#6abbe5&#8243; divider_weight=&#8220;3px&#8220; disabled_on=&#8220;off|off|off&#8220; _builder_version=&#8220;4.6.1&#8243; background_color_gradient_direction=&#8220;90deg&#8220; max_width=&#8220;100px&#8220; module_alignment=&#8220;center&#8220; height=&#8220;5px&#8220; custom_margin=&#8220;||20px|&#8220; custom_padding=&#8220;||20px|&#8220; animation_style=&#8220;slide&#8220; animation_direction=&#8220;bottom&#8220; saved_tabs=&#8220;all&#8220; locked=&#8220;off&#8220;][\/et_pb_divider][et_pb_text admin_label=&#8220;Statistics Section Title&#8220; _builder_version=&#8220;4.6.1&#8243; header_font=&#8220;||||||||&#8220; header_text_color=&#8220;#1f1f1f&#8220; header_font_size=&#8220;36px&#8220; text_orientation=&#8220;center&#8220; max_width=&#8220;710px&#8220; module_alignment=&#8220;center&#8220; custom_margin=&#8220;||1px|||&#8220; animation_style=&#8220;fold&#8220; animation_direction=&#8220;bottom&#8220; animation_intensity_fold=&#8220;20%&#8220; hover_enabled=&#8220;0&#8243; sticky_enabled=&#8220;0&#8243;]<\/p>\n<h1> Unser umfassendes Verst\u00e4ndnis von <br \/> SAP und Business Insights <\/ h1>[\/et_pb_text][et_pb_text admin_label=&#8220;Statistics Section Subtitle&#8220; _builder_version=&#8220;4.6.1&#8243; text_font=&#8220;|300|||||||&#8220; text_font_size=&#8220;22px&#8220; background_size=&#8220;initial&#8220; background_position=&#8220;top_left&#8220; background_repeat=&#8220;repeat&#8220; text_orientation=&#8220;center&#8220; max_width=&#8220;710px&#8220; module_alignment=&#8220;center&#8220; animation_style=&#8220;fold&#8220; animation_direction=&#8220;bottom&#8220; animation_intensity_fold=&#8220;20%&#8220;]<\/p>\n<p>erm\u00f6glicht es uns, zuzuh\u00f6ren, herauszufordern und innovative End-to-End-L\u00f6sungen bereitzustellen, um den Erfolg Ihrer bestehenden und zuk\u00fcnftigen SAP\u00ae-Investition sicherzustellen.<\/p>\n<p>[\/et_pb_text][et_pb_button button_url=&#8220;@ET-DC@eyJkeW5hbWljIjp0cnVlLCJjb250ZW50IjoicG9zdF9saW5rX3VybF9wYWdlIiwic2V0dGluZ3MiOnsicG9zdF9pZCI6IjEyIn19@&#8220; button_text=&#8220;Information&#8220; button_alignment=&#8220;center&#8220; _builder_version=&#8220;4.6.1&#8243; _dynamic_attributes=&#8220;button_url&#8220; _module_preset=&#8220;default&#8220;][\/et_pb_button][\/et_pb_column][\/et_pb_row][\/et_pb_section]<\/p>\n","protected":false},"excerpt":{"rendered":"<p>[et_pb_section fb_built=&#8220;1&#8243; _builder_version=&#8220;4.6.1&#8243; _module_preset=&#8220;default&#8220; use_background_color_gradient=&#8220;on&#8220; background_color_gradient_start=&#8220;rgba(0,0,0,0.59)&#8220; background_color_gradient_end=&#8220;rgba(0,0,0,0.24)&#8220; background_image=&#8220;http:\/\/www.conessent.com\/wp-content\/uploads\/2020\/09\/logistics-hero.jpg&#8220; background_blend=&#8220;overlay&#8220; custom_padding=&#8220;154px||159px|||&#8220;][et_pb_row _builder_version=&#8220;4.6.1&#8243; _module_preset=&#8220;default&#8220;][et_pb_column type=&#8220;4_4&#8243; _builder_version=&#8220;4.6.1&#8243; _module_preset=&#8220;default&#8220;][et_pb_text _builder_version=&#8220;4.6.1&#8243; _module_preset=&#8220;default&#8220; text_font=&#8220;|300|||||||&#8220; text_text_color=&#8220;#ffffff&#8220; text_font_size=&#8220;22px&#8220; header_font=&#8220;|600|||||||&#8220; header_text_align=&#8220;center&#8220; header_text_color=&#8220;#ffffff&#8220; header_font_size=&#8220;50px&#8220; hover_enabled=&#8220;0&#8243; sticky_enabled=&#8220;0&#8243;] Logistik [\/et_pb_text][et_pb_text _builder_version=&#8220;4.6.1&#8243; _module_preset=&#8220;default&#8220; text_text_color=&#8220;#ffffff&#8220; text_orientation=&#8220;center&#8220; text_font_size=&#8220;21px&#8220; text_font=&#8220;|300|||||||&#8220; hover_enabled=&#8220;0&#8243; sticky_enabled=&#8220;0&#8243;] Unterst\u00fctzung vom Konzept bis zur Realisierung mit Schulungen, die auf Ihre Bed\u00fcrfnisse und Anforderungen zugeschnitten sind. [\/et_pb_text][\/et_pb_column][\/et_pb_row][\/et_pb_section][et_pb_section fb_built=&#8220;1&#8243; admin_label=&#8220;Our [&hellip;]<\/p>\n","protected":false},"author":1,"featured_media":0,"parent":0,"menu_order":0,"comment_status":"closed","ping_status":"closed","template":"","meta":{"_et_pb_use_builder":"on","_et_pb_old_content":"","_et_gb_content_width":""},"_links":{"self":[{"href":"https:\/\/www.conessent.com\/de\/wp-json\/wp\/v2\/pages\/1016"}],"collection":[{"href":"https:\/\/www.conessent.com\/de\/wp-json\/wp\/v2\/pages"}],"about":[{"href":"https:\/\/www.conessent.com\/de\/wp-json\/wp\/v2\/types\/page"}],"author":[{"embeddable":true,"href":"https:\/\/www.conessent.com\/de\/wp-json\/wp\/v2\/users\/1"}],"replies":[{"embeddable":true,"href":"https:\/\/www.conessent.com\/de\/wp-json\/wp\/v2\/comments?post=1016"}],"version-history":[{"count":3,"href":"https:\/\/www.conessent.com\/de\/wp-json\/wp\/v2\/pages\/1016\/revisions"}],"predecessor-version":[{"id":1021,"href":"https:\/\/www.conessent.com\/de\/wp-json\/wp\/v2\/pages\/1016\/revisions\/1021"}],"wp:attachment":[{"href":"https:\/\/www.conessent.com\/de\/wp-json\/wp\/v2\/media?parent=1016"}],"curies":[{"name":"wp","href":"https:\/\/api.w.org\/{rel}","templated":true}]}}