{"id":1002,"date":"2020-12-11T13:02:27","date_gmt":"2020-12-11T13:02:27","guid":{"rendered":"http:\/\/www.conessent.com\/projekt-portfolio-management\/"},"modified":"2020-12-11T13:20:31","modified_gmt":"2020-12-11T13:20:31","slug":"projekt-portfolio-management","status":"publish","type":"page","link":"https:\/\/www.conessent.com\/de\/projekt-portfolio-management\/","title":{"rendered":"Projekt\/Portfolio Management"},"content":{"rendered":"<p>[et_pb_section fb_built=&#8220;1&#8243; _builder_version=&#8220;4.6.1&#8243; _module_preset=&#8220;default&#8220; use_background_color_gradient=&#8220;on&#8220; background_color_gradient_start=&#8220;rgba(0,0,0,0.59)&#8220; background_color_gradient_end=&#8220;rgba(0,0,0,0.24)&#8220; background_image=&#8220;http:\/\/www.conessent.com\/wp-content\/uploads\/2020\/09\/project-portfolio-management-hero.jpg&#8220; background_blend=&#8220;overlay&#8220; custom_padding=&#8220;154px||159px|||&#8220;][et_pb_row _builder_version=&#8220;4.6.1&#8243; _module_preset=&#8220;default&#8220;][et_pb_column type=&#8220;4_4&#8243; _builder_version=&#8220;4.6.1&#8243; _module_preset=&#8220;default&#8220;][et_pb_text _builder_version=&#8220;4.6.1&#8243; _module_preset=&#8220;default&#8220; text_font=&#8220;|300|||||||&#8220; text_text_color=&#8220;#ffffff&#8220; text_font_size=&#8220;22px&#8220; header_font=&#8220;|600|||||||&#8220; header_text_align=&#8220;center&#8220; header_text_color=&#8220;#ffffff&#8220; header_font_size=&#8220;50px&#8220; text_orientation=&#8220;center&#8220;]<\/p>\n<h1>Projekt\/Portfolio Management<\/h1>\n<p>Das schnelle Wachstum der Automatisierung und Digitalisierung hat dazu gef\u00fchrt, dass fachkundige PPM-L\u00f6sungen erforderlich sind, um die Produktivit\u00e4t in verschiedenen Branchen zu verbessern.<\/p>\n<p> [\/et_pb_text][\/et_pb_column][\/et_pb_row][\/et_pb_section][et_pb_section fb_built=&#8220;1&#8243; admin_label=&#8220;Our Team&#8220; _builder_version=&#8220;3.22&#8243; custom_padding=&#8220;90px||17px|||&#8220;][et_pb_row _builder_version=&#8220;3.25&#8243; background_size=&#8220;initial&#8220; background_position=&#8220;top_left&#8220; background_repeat=&#8220;repeat&#8220; custom_width_px=&#8220;710px&#8220;][et_pb_column type=&#8220;4_4&#8243; _builder_version=&#8220;3.25&#8243; background_position=&#8220;top_left&#8220; custom_padding=&#8220;|||&#8220; custom_padding__hover=&#8220;|||&#8220;][et_pb_divider color=&#8220;#6abbe5&#8243; divider_weight=&#8220;3px&#8220; disabled_on=&#8220;off|off|off&#8220; _builder_version=&#8220;4.6.1&#8243; background_color_gradient_direction=&#8220;90deg&#8220; max_width=&#8220;100px&#8220; module_alignment=&#8220;center&#8220; height=&#8220;5px&#8220; custom_margin=&#8220;||20px|&#8220; custom_padding=&#8220;||20px|&#8220; animation_style=&#8220;slide&#8220; animation_direction=&#8220;bottom&#8220; saved_tabs=&#8220;all&#8220; locked=&#8220;off&#8220;][\/et_pb_divider][et_pb_text admin_label=&#8220;Statistics Section Title&#8220; _builder_version=&#8220;4.6.1&#8243; header_font=&#8220;||||||||&#8220; header_text_color=&#8220;#1f1f1f&#8220; header_font_size=&#8220;36px&#8220; text_orientation=&#8220;center&#8220; max_width=&#8220;710px&#8220; module_alignment=&#8220;center&#8220; custom_margin=&#8220;||1px|||&#8220; animation_style=&#8220;fold&#8220; animation_direction=&#8220;bottom&#8220; animation_intensity_fold=&#8220;20%&#8220;]<\/p>\n<h1>\u00dcbersicht<\/h1>\n<h3>Mit st\u00e4ndigem Augenmerk auf begrenzten Ressourcen sind die Anforderungen an ein effektives Projekt- und Portfoliomanagement enorm &#8211; insbesondere im Hinblick auf Signale, um Zeit-, Budget- und Qualit\u00e4tsprobleme fr\u00fchzeitig zu erkennen und geeignete Gegenma\u00dfnahmen zu ergreifen.<\/h3>\n<p>[\/et_pb_text][\/et_pb_column][\/et_pb_row][et_pb_row column_structure=&#8220;1_2,1_2&#8243; _builder_version=&#8220;4.6.1&#8243; _module_preset=&#8220;default&#8220;][et_pb_column type=&#8220;1_2&#8243; _builder_version=&#8220;4.6.1&#8243; _module_preset=&#8220;default&#8220;][et_pb_text _builder_version=&#8220;4.6.1&#8243; _module_preset=&#8220;default&#8220;]<\/p>\n<p> Unter besonderer Ber\u00fccksichtigung dieser Tatsache bietet SAP moderne, flexible und ergonomisch fortschrittliche L\u00f6sungen f\u00fcr das strategische und operative (Multi-) Projekt- und Portfoliomanagement (PPM, ehemals (x) RPM \/ cProjects). <\/ p><\/p>\n<p> Die Ebene der Buchhaltungszuordnung und -abrechnung kann entweder durch die Integration in das ERP-Modul Controlling (CO) oder das Projektsystem (PS) realisiert werden. <\/ p><\/p>\n<p> Alternativ kann das Projektsystem zusammen mit dem Investment Management (IM) als klassische ERP-L\u00f6sung verwendet werden. <\/ p><\/p>\n<p> F\u00fcr mittelst\u00e4ndische Unternehmen empfehlen wir den <strong> Conessent Portfolio Manager <\/ strong>, der in Zusammenarbeit mit KEON Solutions entwickelt wurde und vollst\u00e4ndig in die SAP-Umgebung integriert ist. <\/ p>[\/et_pb_text][\/et_pb_column][et_pb_column type=&#8220;1_2&#8243; _builder_version=&#8220;4.6.1&#8243; _module_preset=&#8220;default&#8220;][et_pb_image src=&#8220;http:\/\/www.conessent.com\/wp-content\/uploads\/2020\/09\/PM.png&#8220; title_text=&#8220;PM&#8220; _builder_version=&#8220;4.6.1&#8243; _module_preset=&#8220;default&#8220;][\/et_pb_image][\/et_pb_column][\/et_pb_row][\/et_pb_section][et_pb_section fb_built=&#8220;1&#8243; _builder_version=&#8220;4.6.1&#8243; _module_preset=&#8220;default&#8220; custom_padding=&#8220;||26px|||&#8220;][et_pb_row _builder_version=&#8220;4.6.1&#8243; _module_preset=&#8220;default&#8220;][et_pb_column type=&#8220;4_4&#8243; _builder_version=&#8220;4.6.1&#8243; _module_preset=&#8220;default&#8220;][et_pb_tabs active_tab_background_color=&#8220;#6abbe5&#8243; inactive_tab_background_color=&#8220;#bababa&#8220; _builder_version=&#8220;4.6.1&#8243; _module_preset=&#8220;default&#8220; tab_text_color=&#8220;#ffffff&#8220; background_color=&#8220;#f9f9f9&#8243; hover_enabled=&#8220;0&#8243; border_color_all=&#8220;#ffffff&#8220; border_width_bottom=&#8220;0px&#8220; border_color_bottom=&#8220;rgba(0,0,0,0)&#8220; sticky_enabled=&#8220;0&#8243;][et_pb_tab title=&#8220;SAP PPM&#8220; _builder_version=&#8220;4.6.1&#8243; _module_preset=&#8220;default&#8220; hover_enabled=&#8220;0&#8243; sticky_enabled=&#8220;0&#8243;]<\/ br> <\/p>\n<h4> Mithilfe des Portfoliomanagements k\u00f6nnen Sie den strategischen Umfang Ihrer Projekte planen, steuern und steuern. Das Projektbudget wird in verschiedene Portfolios aufgeteilt und in diesen hierarchisch in Buckets unterteilt. Die Endknoten dieser Struktur k\u00f6nnen dann bestimmten Projekten zugewiesen werden (strategische Ansicht). <\/ H4> <\/ br><\/p>\n<p><img src = \"http:\/\/www.conessent.com\/wp-content\/uploads\/2020\/09\/sap-ppm-1.jpg\" width = \"780\" height = \"584\" alt = \"\" class = \" wp-image-487 alignnone size-full \"\/><br \/>\n<\/ br><br \/>\nDie Finanz- und Kapazit\u00e4tsplanung f\u00fcr Projekte kann in kundenspezifische Kategorien, Gruppen und Ansichten unterteilt und auf die Ebene der Buckets aggregiert werden. Die entsprechenden Werte k\u00f6nnen j\u00e4hrlich, viertelj\u00e4hrlich oder monatlich erfasst und in Diagrammen dargestellt werden. Die Zeitleistenplanung wird unter Verwendung von Phasen und Gates (z. B. Entwurf &#8211; Realisierung &#8211; Start) durchgef\u00fchrt und kann in einem Zeitleistenmonitor dargestellt werden. Bei Bedarf k\u00f6nnen Dokumente und Notizen beigef\u00fcgt werden.<\/p>\n<p>Zum Zwecke einer Gesamt\u00fcberwachung k\u00f6nnen Projekte in Programmen oder Initiativen zusammengefasst werden. Ein entsprechendes operatives Projekt kann automatisch oder manuell (in einem nachfolgenden Schritt) erstellt werden. Mithilfe des Projektmanagements k\u00f6nnen Sie die operative Ausf\u00fchrung Ihrer Projekte planen, steuern und steuern.<\/p>\n<p>Zu diesem Zweck wird die Projektausf\u00fchrung in Phasen unterteilt (Projektlebenszyklus: z. B. Spezifikation &#8211; Programmierung &#8211; Akzeptanz). Den Phasen k\u00f6nnen verschiedene Checklisten zugeordnet und ihre Positionen mit entsprechenden Aufgaben verkn\u00fcpft werden. Um die Dateneingabe zu vereinfachen und zu minimieren, k\u00f6nnen Projekte mit einer \u00e4hnlichen Struktur unter Bezugnahme auf vordefinierte Vorlagen erstellt werden.<br \/>\n<\/ br><\/p>\n<p><img src = \"http:\/\/www.conessent.com\/wp-content\/uploads\/2020\/09\/sap-ppm-2.jpg\" width = \"780\" height = \"584\" alt = \"\" class = \" wp-image-488 alignnone size-full \"\/><\/p>\n<p>Die detaillierte Planung der Ressourcen und deren Feedback (falls mit CATS durchgef\u00fchrt) wird auf Aufgabenebene verwaltet. Die Beschaffung von Material und Dienstleistungen kann \u00fcber das ERP-Modul MM oder SRM \/ Enterprise Buyer Professional (EBP) initiiert werden.<\/p>\n<p>Die Verarbeitung der Timeline erfolgt in Tabellen oder alternativ mit interaktiven Gantt-Diagrammen (inkl. Drag &#038; Drop-Funktion zum Verschieben \/ Verschieben von Ereignissen). Bei Bedarf k\u00f6nnen Dokumente und Notizen beigef\u00fcgt werden. Zu Kontierungs- und Abrechnungszwecken sowie zur \u00dcberwachung von Verpflichtungen und Istwerten, die sich aus der Beschaffung ergeben, k\u00f6nnen Aufgaben automatisch oder manuell mit internen Auftr\u00e4gen (CO) oder PSP-Elementen (PS) im ERP-System verkn\u00fcpft werden.<\/p>\n<p>Dritte k\u00f6nnen an der Projektabwicklung mit cFolders beteiligt sein.<br \/>\n<\/ br>[\/et_pb_tab][et_pb_tab title=&#8220;SAP IM\/PS&#8220; _builder_version=&#8220;4.6.1&#8243; _module_preset=&#8220;default&#8220; hover_enabled=&#8220;0&#8243; sticky_enabled=&#8220;0&#8243;]<\/p>\n<h4>Die Ebene der Kontierung und Abrechnung im ERP-Modul PS (Projektsystem) kann in Kombination mit der PPM-Webl\u00f6sung verwaltet werden. Zu diesem Zweck werden Aufgaben im PPM-Projektmanagement mit PSP-Elementen in PS verkn\u00fcpft, die in einer Hierarchie strukturiert werden k\u00f6nnen. Als Ergebnis dieser Zuordnung kann das verf\u00fcgbare Budget im PPM-Portfoliomanagement \u00fcberwacht und anhand der Verpflichtung und der tats\u00e4chlichen Werte f\u00fcr PSP-Elemente gesteuert werden.\u00a0<\/h4>\n<p>Wenn die Anforderungen an Kontierungsobjekte und Abrechnung gering sind (reine Kostensammler), k\u00f6nnen Sie Aufgaben im PPM-Projektmanagement anstelle von PSP-Elementen (PS) mit Innenauftr\u00e4gen (CO) verkn\u00fcpfen. Neben den Funktionen f\u00fcr Kontierungs- und Abrechnungszwecke stellt das Projektsystem eine &#8218;klassische&#8216; und unabh\u00e4ngige Alternative zur PPM-Webl\u00f6sung dar.<\/p>\n<p>PSP-Elemente werden in PS mithilfe des &#8218;Project Builder&#8216; hierarchisch nach inhaltlichen, technischen und \/ oder organisatorischen Aspekten eines bestimmten Projekts organisiert. Das Ergebnis ist ein sogenannter Projektstrukturplan (PSP). F\u00fcr die detaillierte Planung und tats\u00e4chliche Best\u00e4tigung von Terminen und Einzelaufgaben werden auf der darunter liegenden Ebene sogenannte Netzwerke mit einer weiteren Aufteilung in Einzelaktivit\u00e4ten erstellt und mit den relevanten PSP-Elementen verkn\u00fcpft. Der kritische Pfad (Critical Path, CPM) kann dann aus der Anordnung der Aktivit\u00e4ten (Vorg\u00e4nger \/ Nachfolger-Beziehungen) berechnet werden.\u00a0<\/p>\n<p> <img loading=\"lazy\" src=\"http:\/\/www.conessent.com\/wp-content\/uploads\/2020\/09\/sap-imps-1.jpg\" width=\"780\" height=\"584\" alt=\"\" class=\" wp-image-491 alignnone size-full \" srcset=\"http:\/\/www.conessent.com\/wp-content\/uploads\/2020\/09\/sap-imps-1.jpg 780w, http:\/\/www.conessent.com\/wp-content\/uploads\/2020\/09\/sap-imps-1-480x359.jpg 480w\" sizes=\"(min-width: 0px) and (max-width: 480px) 480px, (min-width: 481px) 780px, 100vw\" \/><\/p>\n<p> Die Planung und Zuweisung von Ressourcen erfolgt im Allgemeinen auf der Ebene der Aktivit\u00e4ten. Plan-, Verpflichtungs- und Istwerte werden anhand der einem Projekt zugewiesenen Budgetwerte \u00fcberwacht und auf die Ebene der einzelnen PSP-Elemente verteilt. Eine automatische Budgetverf\u00fcgbarkeitskontrolle ist verf\u00fcgbar und kann bei Bedarf eingeschaltet werden.<\/p>\n<p>Das Budgetmanagement im Allgemeinen spiegelt sich im Modul IM (Investment Management) wider, in dem Budgetprogramme definiert und hierarchisch strukturiert und in Positionen unterteilt werden k\u00f6nnen. Neben dieser Struktur kann das Budget in einem ersten Schritt (von unten nach oben) geplant und dann gem\u00e4\u00df der getroffenen Budgetentscheidung auf einzelne IM-Positionen verteilt werden.<\/p>\n<p>Basierend auf einem Genehmigungsschritt wird das Budget von IM-Positionen an PSP-Elemente \u00fcbertragen, wo es dann auf Projektebene \u00fcberwacht wird. \u00c4nderungen am Budget werden verwaltet und k\u00f6nnen \u00fcber Budgetr\u00fcckgaben und Erg\u00e4nzungen zur\u00fcckverfolgt werden.<\/p>\n<p>[\/et_pb_tab][et_pb_tab title=&#8220;Portfolio Manager&#8220; _builder_version=&#8220;4.6.1&#8243; _module_preset=&#8220;default&#8220; hover_enabled=&#8220;0&#8243; sticky_enabled=&#8220;0&#8243;]<\/p>\n<h4>Der Conessent Portfolio Manager kombiniert langj\u00e4hrige Erfahrung im Bereich Projekt- und Portfoliomanagement mit moderner Webtechnologie. Ein besonderer Schwerpunkt liegt auf der hochflexiblen Strukturierung von Projekten und deren Zuordnung zu Portfolios sowie einer effizienten Finanz-, Kapazit\u00e4ts- und Meilensteinplanung.<\/h4>\n<h5><a href=\"http:\/\/www.conessent.com\/wp-content\/uploads\/2020\/12\/Portfolio-Manager-Prospekt-DE-V2.6.pdf\">Ressourcen<\/a><\/h5>\n<p>[\/et_pb_tab][\/et_pb_tabs][\/et_pb_column][\/et_pb_row][\/et_pb_section][et_pb_section fb_built=&#8220;1&#8243; admin_label=&#8220;Our Team&#8220; _builder_version=&#8220;3.22&#8243; custom_padding=&#8220;35px||90px|||&#8220;][et_pb_row _builder_version=&#8220;3.25&#8243; background_size=&#8220;initial&#8220; background_position=&#8220;top_left&#8220; background_repeat=&#8220;repeat&#8220; custom_width_px=&#8220;710px&#8220;][et_pb_column type=&#8220;4_4&#8243; _builder_version=&#8220;3.25&#8243; background_position=&#8220;top_left&#8220; custom_padding=&#8220;|||&#8220; custom_padding__hover=&#8220;|||&#8220;][et_pb_divider color=&#8220;#6abbe5&#8243; divider_weight=&#8220;3px&#8220; disabled_on=&#8220;off|off|off&#8220; _builder_version=&#8220;4.6.1&#8243; background_color_gradient_direction=&#8220;90deg&#8220; max_width=&#8220;100px&#8220; module_alignment=&#8220;center&#8220; height=&#8220;5px&#8220; custom_margin=&#8220;||20px|&#8220; custom_padding=&#8220;||20px|&#8220; animation_style=&#8220;slide&#8220; animation_direction=&#8220;bottom&#8220; saved_tabs=&#8220;all&#8220; locked=&#8220;off&#8220;][\/et_pb_divider][et_pb_text admin_label=&#8220;Statistics Section Title&#8220; _builder_version=&#8220;4.6.1&#8243; header_font=&#8220;||||||||&#8220; header_text_color=&#8220;#1f1f1f&#8220; header_font_size=&#8220;36px&#8220; text_orientation=&#8220;center&#8220; max_width=&#8220;710px&#8220; module_alignment=&#8220;center&#8220; custom_margin=&#8220;||1px|||&#8220; animation_style=&#8220;fold&#8220; animation_direction=&#8220;bottom&#8220; animation_intensity_fold=&#8220;20%&#8220; hover_enabled=&#8220;0&#8243; sticky_enabled=&#8220;0&#8243;]<\/p>\n<h1> Unser umfassendes Verst\u00e4ndnis von <br \/> SAP \u00ae <\/ span> und Business Insights <\/ h1>[\/et_pb_text][et_pb_text admin_label=&#8220;Statistics Section Subtitle&#8220; _builder_version=&#8220;4.6.1&#8243; text_font=&#8220;|300|||||||&#8220; text_font_size=&#8220;22px&#8220; background_size=&#8220;initial&#8220; background_position=&#8220;top_left&#8220; background_repeat=&#8220;repeat&#8220; text_orientation=&#8220;center&#8220; max_width=&#8220;710px&#8220; module_alignment=&#8220;center&#8220; animation_style=&#8220;fold&#8220; animation_direction=&#8220;bottom&#8220; animation_intensity_fold=&#8220;20%&#8220; hover_enabled=&#8220;0&#8243; sticky_enabled=&#8220;0&#8243;]erm\u00f6glicht es uns, innovative End-to-End-L\u00f6sungen zu h\u00f6ren, herauszufordern und bereitzustellen, um den Erfolg Ihrer bestehenden und zuk\u00fcnftigen SAP-Investition  sicherzustellen. [\/et_pb_text][et_pb_button button_url=&#8220;@ET-DC@eyJkeW5hbWljIjp0cnVlLCJjb250ZW50IjoicG9zdF9saW5rX3VybF9wYWdlIiwic2V0dGluZ3MiOnsicG9zdF9pZCI6IjEyIn19@&#8220; button_text=&#8220;Information&#8220; button_alignment=&#8220;center&#8220; _builder_version=&#8220;4.6.1&#8243; _dynamic_attributes=&#8220;button_url&#8220; _module_preset=&#8220;default&#8220;][\/et_pb_button][\/et_pb_column][\/et_pb_row][\/et_pb_section]<\/p>\n","protected":false},"excerpt":{"rendered":"<p>[et_pb_section fb_built=&#8220;1&#8243; _builder_version=&#8220;4.6.1&#8243; _module_preset=&#8220;default&#8220; use_background_color_gradient=&#8220;on&#8220; background_color_gradient_start=&#8220;rgba(0,0,0,0.59)&#8220; background_color_gradient_end=&#8220;rgba(0,0,0,0.24)&#8220; background_image=&#8220;http:\/\/www.conessent.com\/wp-content\/uploads\/2020\/09\/project-portfolio-management-hero.jpg&#8220; background_blend=&#8220;overlay&#8220; custom_padding=&#8220;154px||159px|||&#8220;][et_pb_row _builder_version=&#8220;4.6.1&#8243; _module_preset=&#8220;default&#8220;][et_pb_column type=&#8220;4_4&#8243; _builder_version=&#8220;4.6.1&#8243; _module_preset=&#8220;default&#8220;][et_pb_text _builder_version=&#8220;4.6.1&#8243; _module_preset=&#8220;default&#8220; text_font=&#8220;|300|||||||&#8220; text_text_color=&#8220;#ffffff&#8220; text_font_size=&#8220;22px&#8220; header_font=&#8220;|600|||||||&#8220; header_text_align=&#8220;center&#8220; header_text_color=&#8220;#ffffff&#8220; header_font_size=&#8220;50px&#8220; text_orientation=&#8220;center&#8220;] Projekt\/Portfolio Management Das schnelle Wachstum der Automatisierung und Digitalisierung hat dazu gef\u00fchrt, dass fachkundige PPM-L\u00f6sungen erforderlich sind, um die Produktivit\u00e4t in verschiedenen Branchen zu verbessern. [\/et_pb_text][\/et_pb_column][\/et_pb_row][\/et_pb_section][et_pb_section fb_built=&#8220;1&#8243; admin_label=&#8220;Our Team&#8220; _builder_version=&#8220;3.22&#8243; [&hellip;]<\/p>\n","protected":false},"author":1,"featured_media":0,"parent":0,"menu_order":0,"comment_status":"closed","ping_status":"closed","template":"","meta":{"_et_pb_use_builder":"on","_et_pb_old_content":"","_et_gb_content_width":""},"_links":{"self":[{"href":"https:\/\/www.conessent.com\/de\/wp-json\/wp\/v2\/pages\/1002"}],"collection":[{"href":"https:\/\/www.conessent.com\/de\/wp-json\/wp\/v2\/pages"}],"about":[{"href":"https:\/\/www.conessent.com\/de\/wp-json\/wp\/v2\/types\/page"}],"author":[{"embeddable":true,"href":"https:\/\/www.conessent.com\/de\/wp-json\/wp\/v2\/users\/1"}],"replies":[{"embeddable":true,"href":"https:\/\/www.conessent.com\/de\/wp-json\/wp\/v2\/comments?post=1002"}],"version-history":[{"count":3,"href":"https:\/\/www.conessent.com\/de\/wp-json\/wp\/v2\/pages\/1002\/revisions"}],"predecessor-version":[{"id":1015,"href":"https:\/\/www.conessent.com\/de\/wp-json\/wp\/v2\/pages\/1002\/revisions\/1015"}],"wp:attachment":[{"href":"https:\/\/www.conessent.com\/de\/wp-json\/wp\/v2\/media?parent=1002"}],"curies":[{"name":"wp","href":"https:\/\/api.w.org\/{rel}","templated":true}]}}